{"id":392,"date":"2018-05-13T21:19:23","date_gmt":"2018-05-13T19:19:23","guid":{"rendered":"http:\/\/test.homeinnovations.ch\/wp\/?post_type=product&#038;p=392"},"modified":"2018-10-16T11:16:51","modified_gmt":"2018-10-16T09:16:51","slug":"up-led-drehdimmer-4-200w","status":"publish","type":"product","link":"https:\/\/www.arbeiter-shop.ch\/wp\/?product=up-led-drehdimmer-4-200w","title":{"rendered":"LED-UP-Drehdimmer \/ 4-200W"},"content":{"rendered":"<ul>\n<li>Nennleistung: 4 &#8211; 400 VA<\/li>\n<li>Breite x H\u00f6he x Tiefe: 77 x 77 x 29 mm<\/li>\n<li>Bedienungsart: Dreh-\/Druckknopf<\/li>\n<li>geeignet f\u00fcr Schutzart (IP): IP20<\/li>\n<li>Frequenz: 50 &#8211; 60 Hz<\/li>\n<li>Steuerspannung: 207 &#8211; 253 V<\/li>\n<li>Vervendung mit Feller EDIZIO due<\/li>\n<\/ul>\n","protected":false},"excerpt":{"rendered":"<p>Einsatz zu LED-Universal-Drehdimmer, beleuchtbar mit LED 230 V AC, f\u00fcr dimmbare LED-Lampen, f\u00fcr Gl\u00fch- und Niedervolthalogenlampen, f\u00fcr konventionelle und elektronische Transformatoren, Mischlastbetrieb von elektronischen und konventionellen Transformatoren nicht m\u00f6glich, minimale und maximale Helligkeit einstellbar, mit Schaltkontakt f\u00fcr Wechselschaltung<\/p>\n<p>&nbsp;<\/p>\n","protected":false},"featured_media":393,"comment_status":"closed","ping_status":"closed","template":"","meta":[],"product_brand":[],"product_cat":[11],"product_tag":[],"class_list":{"0":"post-392","1":"product","2":"type-product","3":"status-publish","4":"has-post-thumbnail","6":"product_cat-led-spot-lampen","8":"first","9":"instock","10":"taxable","11":"shipping-taxable","12":"purchasable","13":"product-type-simple"},"yoast_head":"<!-- This site is optimized with the Yoast SEO plugin v24.6 - https:\/\/yoast.com\/wordpress\/plugins\/seo\/ -->\n<title>LED-UP-Drehdimmer \/ 4-200W - Arbeiter-Shop<\/title>\n<meta name=\"robots\" content=\"index, follow, max-snippet:-1, max-image-preview:large, max-video-preview:-1\" \/>\n<link rel=\"canonical\" href=\"https:\/\/www.arbeiter-shop.ch\/wp\/?product=up-led-drehdimmer-4-200w\" \/>\n<meta property=\"og:locale\" content=\"de_DE\" \/>\n<meta property=\"og:type\" content=\"article\" \/>\n<meta property=\"og:title\" content=\"LED-UP-Drehdimmer \/ 4-200W - Arbeiter-Shop\" \/>\n<meta property=\"og:description\" content=\"Einsatz zu LED-Universal-Drehdimmer, beleuchtbar mit LED 230 V AC, f\u00fcr dimmbare LED-Lampen, f\u00fcr Gl\u00fch- und Niedervolthalogenlampen, f\u00fcr konventionelle und elektronische Transformatoren, Mischlastbetrieb von elektronischen und konventionellen Transformatoren nicht m\u00f6glich, minimale und maximale Helligkeit einstellbar, mit Schaltkontakt f\u00fcr Wechselschaltung  &nbsp;\" \/>\n<meta property=\"og:url\" content=\"https:\/\/www.arbeiter-shop.ch\/wp\/?product=up-led-drehdimmer-4-200w\" \/>\n<meta property=\"og:site_name\" content=\"Arbeiter-Shop\" \/>\n<meta property=\"article:modified_time\" content=\"2018-10-16T09:16:51+00:00\" \/>\n<meta property=\"og:image\" content=\"https:\/\/www.arbeiter-shop.ch\/wp\/wp-content\/uploads\/DEV-WEB-0100-ELD-40200.LED_.jpg\" \/>\n\t<meta property=\"og:image:width\" content=\"515\" \/>\n\t<meta property=\"og:image:height\" content=\"515\" \/>\n\t<meta property=\"og:image:type\" content=\"image\/jpeg\" \/>\n<meta name=\"twitter:card\" content=\"summary_large_image\" \/>\n<script type=\"application\/ld+json\" class=\"yoast-schema-graph\">{\"@context\":\"https:\/\/schema.org\",\"@graph\":[{\"@type\":\"WebPage\",\"@id\":\"https:\/\/www.arbeiter-shop.ch\/wp\/?product=up-led-drehdimmer-4-200w\",\"url\":\"https:\/\/www.arbeiter-shop.ch\/wp\/?product=up-led-drehdimmer-4-200w\",\"name\":\"LED-UP-Drehdimmer \/ 4-200W - Arbeiter-Shop\",\"isPartOf\":{\"@id\":\"https:\/\/www.arbeiter-shop.ch\/wp\/#website\"},\"primaryImageOfPage\":{\"@id\":\"https:\/\/www.arbeiter-shop.ch\/wp\/?product=up-led-drehdimmer-4-200w#primaryimage\"},\"image\":{\"@id\":\"https:\/\/www.arbeiter-shop.ch\/wp\/?product=up-led-drehdimmer-4-200w#primaryimage\"},\"thumbnailUrl\":\"https:\/\/www.arbeiter-shop.ch\/wp\/wp-content\/uploads\/DEV-WEB-0100-ELD-40200.LED_.jpg\",\"datePublished\":\"2018-05-13T19:19:23+00:00\",\"dateModified\":\"2018-10-16T09:16:51+00:00\",\"breadcrumb\":{\"@id\":\"https:\/\/www.arbeiter-shop.ch\/wp\/?product=up-led-drehdimmer-4-200w#breadcrumb\"},\"inLanguage\":\"de-CH\",\"potentialAction\":[{\"@type\":\"ReadAction\",\"target\":[\"https:\/\/www.arbeiter-shop.ch\/wp\/?product=up-led-drehdimmer-4-200w\"]}]},{\"@type\":\"ImageObject\",\"inLanguage\":\"de-CH\",\"@id\":\"https:\/\/www.arbeiter-shop.ch\/wp\/?product=up-led-drehdimmer-4-200w#primaryimage\",\"url\":\"https:\/\/www.arbeiter-shop.ch\/wp\/wp-content\/uploads\/DEV-WEB-0100-ELD-40200.LED_.jpg\",\"contentUrl\":\"https:\/\/www.arbeiter-shop.ch\/wp\/wp-content\/uploads\/DEV-WEB-0100-ELD-40200.LED_.jpg\",\"width\":515,\"height\":515},{\"@type\":\"BreadcrumbList\",\"@id\":\"https:\/\/www.arbeiter-shop.ch\/wp\/?product=up-led-drehdimmer-4-200w#breadcrumb\",\"itemListElement\":[{\"@type\":\"ListItem\",\"position\":1,\"name\":\"Home\",\"item\":\"https:\/\/www.arbeiter-shop.ch\/wp\/\"},{\"@type\":\"ListItem\",\"position\":2,\"name\":\"Arbeiter-Shop\",\"item\":\"https:\/\/www.arbeiter-shop.ch\/wp\/?page_id=4\"},{\"@type\":\"ListItem\",\"position\":3,\"name\":\"LED-UP-Drehdimmer \/ 4-200W\"}]},{\"@type\":\"WebSite\",\"@id\":\"https:\/\/www.arbeiter-shop.ch\/wp\/#website\",\"url\":\"https:\/\/www.arbeiter-shop.ch\/wp\/\",\"name\":\"Arbeiter-Shop\",\"description\":\"innovative technik f\u00fcr ihr zuhause\",\"publisher\":{\"@id\":\"https:\/\/www.arbeiter-shop.ch\/wp\/#organization\"},\"potentialAction\":[{\"@type\":\"SearchAction\",\"target\":{\"@type\":\"EntryPoint\",\"urlTemplate\":\"https:\/\/www.arbeiter-shop.ch\/wp\/?s={search_term_string}\"},\"query-input\":{\"@type\":\"PropertyValueSpecification\",\"valueRequired\":true,\"valueName\":\"search_term_string\"}}],\"inLanguage\":\"de-CH\"},{\"@type\":\"Organization\",\"@id\":\"https:\/\/www.arbeiter-shop.ch\/wp\/#organization\",\"name\":\"Arbeiter-Shop\",\"url\":\"https:\/\/www.arbeiter-shop.ch\/wp\/\",\"logo\":{\"@type\":\"ImageObject\",\"inLanguage\":\"de-CH\",\"@id\":\"https:\/\/www.arbeiter-shop.ch\/wp\/#\/schema\/logo\/image\/\",\"url\":\"https:\/\/www.arbeiter-shop.ch\/wp\/wp-content\/uploads\/cropped-arbeiter-shop-4f-ohne.png\",\"contentUrl\":\"https:\/\/www.arbeiter-shop.ch\/wp\/wp-content\/uploads\/cropped-arbeiter-shop-4f-ohne.png\",\"width\":567,\"height\":179,\"caption\":\"Arbeiter-Shop\"},\"image\":{\"@id\":\"https:\/\/www.arbeiter-shop.ch\/wp\/#\/schema\/logo\/image\/\"}}]}<\/script>\n<!-- \/ Yoast SEO plugin. -->","yoast_head_json":{"title":"LED-UP-Drehdimmer \/ 4-200W - Arbeiter-Shop","robots":{"index":"index","follow":"follow","max-snippet":"max-snippet:-1","max-image-preview":"max-image-preview:large","max-video-preview":"max-video-preview:-1"},"canonical":"https:\/\/www.arbeiter-shop.ch\/wp\/?product=up-led-drehdimmer-4-200w","og_locale":"de_DE","og_type":"article","og_title":"LED-UP-Drehdimmer \/ 4-200W - Arbeiter-Shop","og_description":"Einsatz zu LED-Universal-Drehdimmer, beleuchtbar mit LED 230 V AC, f\u00fcr dimmbare LED-Lampen, f\u00fcr Gl\u00fch- und Niedervolthalogenlampen, f\u00fcr konventionelle und elektronische Transformatoren, Mischlastbetrieb von elektronischen und konventionellen Transformatoren nicht m\u00f6glich, minimale und maximale Helligkeit einstellbar, mit Schaltkontakt f\u00fcr Wechselschaltung  &nbsp;","og_url":"https:\/\/www.arbeiter-shop.ch\/wp\/?product=up-led-drehdimmer-4-200w","og_site_name":"Arbeiter-Shop","article_modified_time":"2018-10-16T09:16:51+00:00","og_image":[{"width":515,"height":515,"url":"https:\/\/www.arbeiter-shop.ch\/wp\/wp-content\/uploads\/DEV-WEB-0100-ELD-40200.LED_.jpg","type":"image\/jpeg"}],"twitter_card":"summary_large_image","schema":{"@context":"https:\/\/schema.org","@graph":[{"@type":"WebPage","@id":"https:\/\/www.arbeiter-shop.ch\/wp\/?product=up-led-drehdimmer-4-200w","url":"https:\/\/www.arbeiter-shop.ch\/wp\/?product=up-led-drehdimmer-4-200w","name":"LED-UP-Drehdimmer \/ 4-200W - Arbeiter-Shop","isPartOf":{"@id":"https:\/\/www.arbeiter-shop.ch\/wp\/#website"},"primaryImageOfPage":{"@id":"https:\/\/www.arbeiter-shop.ch\/wp\/?product=up-led-drehdimmer-4-200w#primaryimage"},"image":{"@id":"https:\/\/www.arbeiter-shop.ch\/wp\/?product=up-led-drehdimmer-4-200w#primaryimage"},"thumbnailUrl":"https:\/\/www.arbeiter-shop.ch\/wp\/wp-content\/uploads\/DEV-WEB-0100-ELD-40200.LED_.jpg","datePublished":"2018-05-13T19:19:23+00:00","dateModified":"2018-10-16T09:16:51+00:00","breadcrumb":{"@id":"https:\/\/www.arbeiter-shop.ch\/wp\/?product=up-led-drehdimmer-4-200w#breadcrumb"},"inLanguage":"de-CH","potentialAction":[{"@type":"ReadAction","target":["https:\/\/www.arbeiter-shop.ch\/wp\/?product=up-led-drehdimmer-4-200w"]}]},{"@type":"ImageObject","inLanguage":"de-CH","@id":"https:\/\/www.arbeiter-shop.ch\/wp\/?product=up-led-drehdimmer-4-200w#primaryimage","url":"https:\/\/www.arbeiter-shop.ch\/wp\/wp-content\/uploads\/DEV-WEB-0100-ELD-40200.LED_.jpg","contentUrl":"https:\/\/www.arbeiter-shop.ch\/wp\/wp-content\/uploads\/DEV-WEB-0100-ELD-40200.LED_.jpg","width":515,"height":515},{"@type":"BreadcrumbList","@id":"https:\/\/www.arbeiter-shop.ch\/wp\/?product=up-led-drehdimmer-4-200w#breadcrumb","itemListElement":[{"@type":"ListItem","position":1,"name":"Home","item":"https:\/\/www.arbeiter-shop.ch\/wp\/"},{"@type":"ListItem","position":2,"name":"Arbeiter-Shop","item":"https:\/\/www.arbeiter-shop.ch\/wp\/?page_id=4"},{"@type":"ListItem","position":3,"name":"LED-UP-Drehdimmer \/ 4-200W"}]},{"@type":"WebSite","@id":"https:\/\/www.arbeiter-shop.ch\/wp\/#website","url":"https:\/\/www.arbeiter-shop.ch\/wp\/","name":"Arbeiter-Shop","description":"innovative technik f\u00fcr ihr zuhause","publisher":{"@id":"https:\/\/www.arbeiter-shop.ch\/wp\/#organization"},"potentialAction":[{"@type":"SearchAction","target":{"@type":"EntryPoint","urlTemplate":"https:\/\/www.arbeiter-shop.ch\/wp\/?s={search_term_string}"},"query-input":{"@type":"PropertyValueSpecification","valueRequired":true,"valueName":"search_term_string"}}],"inLanguage":"de-CH"},{"@type":"Organization","@id":"https:\/\/www.arbeiter-shop.ch\/wp\/#organization","name":"Arbeiter-Shop","url":"https:\/\/www.arbeiter-shop.ch\/wp\/","logo":{"@type":"ImageObject","inLanguage":"de-CH","@id":"https:\/\/www.arbeiter-shop.ch\/wp\/#\/schema\/logo\/image\/","url":"https:\/\/www.arbeiter-shop.ch\/wp\/wp-content\/uploads\/cropped-arbeiter-shop-4f-ohne.png","contentUrl":"https:\/\/www.arbeiter-shop.ch\/wp\/wp-content\/uploads\/cropped-arbeiter-shop-4f-ohne.png","width":567,"height":179,"caption":"Arbeiter-Shop"},"image":{"@id":"https:\/\/www.arbeiter-shop.ch\/wp\/#\/schema\/logo\/image\/"}}]}},"_links":{"self":[{"href":"https:\/\/www.arbeiter-shop.ch\/wp\/index.php?rest_route=\/wp\/v2\/product\/392","targetHints":{"allow":["GET"]}}],"collection":[{"href":"https:\/\/www.arbeiter-shop.ch\/wp\/index.php?rest_route=\/wp\/v2\/product"}],"about":[{"href":"https:\/\/www.arbeiter-shop.ch\/wp\/index.php?rest_route=\/wp\/v2\/types\/product"}],"replies":[{"embeddable":true,"href":"https:\/\/www.arbeiter-shop.ch\/wp\/index.php?rest_route=%2Fwp%2Fv2%2Fcomments&post=392"}],"wp:featuredmedia":[{"embeddable":true,"href":"https:\/\/www.arbeiter-shop.ch\/wp\/index.php?rest_route=\/wp\/v2\/media\/393"}],"wp:attachment":[{"href":"https:\/\/www.arbeiter-shop.ch\/wp\/index.php?rest_route=%2Fwp%2Fv2%2Fmedia&parent=392"}],"wp:term":[{"taxonomy":"product_brand","embeddable":true,"href":"https:\/\/www.arbeiter-shop.ch\/wp\/index.php?rest_route=%2Fwp%2Fv2%2Fproduct_brand&post=392"},{"taxonomy":"product_cat","embeddable":true,"href":"https:\/\/www.arbeiter-shop.ch\/wp\/index.php?rest_route=%2Fwp%2Fv2%2Fproduct_cat&post=392"},{"taxonomy":"product_tag","embeddable":true,"href":"https:\/\/www.arbeiter-shop.ch\/wp\/index.php?rest_route=%2Fwp%2Fv2%2Fproduct_tag&post=392"}],"curies":[{"name":"wp","href":"https:\/\/api.w.org\/{rel}","templated":true}]}}