{"id":1467,"date":"2020-06-22T08:40:43","date_gmt":"2020-06-22T06:40:43","guid":{"rendered":"https:\/\/www.arbeiter-shop.ch\/wp\/?post_type=product&#038;p=1467"},"modified":"2020-06-22T09:11:11","modified_gmt":"2020-06-22T07:11:11","slug":"atemschutzmaske-ffp2-kn95-pack-a-5-stk","status":"publish","type":"product","link":"https:\/\/www.arbeiter-shop.ch\/wp\/?product=atemschutzmaske-ffp2-kn95-pack-a-5-stk","title":{"rendered":"Atemschutzmaske FFP2 \/ KN95 \/ Pack \u00e0 5 Stk."},"content":{"rendered":"<p>Hochwertige Atemschutzmaske<br \/>\nSchutz von Bakterien und Viren<br \/>\nFilterung von \u00fcber 95% gew\u00e4rleistet<br \/>\nFFP2 \/ KN95 \/ EN149:2001+A1:2009 GB2626-2006<br \/>\nCE zertifiziert<\/p>\n","protected":false},"excerpt":{"rendered":"<p>Pack \u00e0 5 St\u00fcck<\/p>\n","protected":false},"featured_media":1473,"comment_status":"open","ping_status":"closed","template":"","meta":[],"product_brand":[],"product_cat":[43],"product_tag":[],"class_list":{"0":"post-1467","1":"product","2":"type-product","3":"status-publish","4":"has-post-thumbnail","6":"product_cat-atemschutzmaske-ffp2","8":"first","9":"instock","10":"taxable","11":"shipping-taxable","12":"purchasable","13":"product-type-simple"},"yoast_head":"<!-- This site is optimized with the Yoast SEO plugin v24.6 - https:\/\/yoast.com\/wordpress\/plugins\/seo\/ -->\n<title>Atemschutzmaske FFP2 \/ KN95 \/ Pack \u00e0 5 Stk. - Arbeiter-Shop<\/title>\n<meta name=\"robots\" content=\"index, follow, max-snippet:-1, max-image-preview:large, max-video-preview:-1\" \/>\n<link rel=\"canonical\" href=\"https:\/\/www.arbeiter-shop.ch\/wp\/?product=atemschutzmaske-ffp2-kn95-pack-a-5-stk\" \/>\n<meta property=\"og:locale\" content=\"de_DE\" \/>\n<meta property=\"og:type\" content=\"article\" \/>\n<meta property=\"og:title\" content=\"Atemschutzmaske FFP2 \/ KN95 \/ Pack \u00e0 5 Stk. - Arbeiter-Shop\" \/>\n<meta property=\"og:description\" content=\"Pack \u00e0 5 St\u00fcck\" \/>\n<meta property=\"og:url\" content=\"https:\/\/www.arbeiter-shop.ch\/wp\/?product=atemschutzmaske-ffp2-kn95-pack-a-5-stk\" \/>\n<meta property=\"og:site_name\" content=\"Arbeiter-Shop\" \/>\n<meta property=\"article:modified_time\" content=\"2020-06-22T07:11:11+00:00\" \/>\n<meta property=\"og:image\" content=\"https:\/\/www.arbeiter-shop.ch\/wp\/wp-content\/uploads\/Atemschutzmaske-02-1.png\" \/>\n\t<meta property=\"og:image:width\" content=\"640\" \/>\n\t<meta property=\"og:image:height\" content=\"640\" \/>\n\t<meta property=\"og:image:type\" content=\"image\/png\" \/>\n<meta name=\"twitter:card\" content=\"summary_large_image\" \/>\n<script type=\"application\/ld+json\" class=\"yoast-schema-graph\">{\"@context\":\"https:\/\/schema.org\",\"@graph\":[{\"@type\":\"WebPage\",\"@id\":\"https:\/\/www.arbeiter-shop.ch\/wp\/?product=atemschutzmaske-ffp2-kn95-pack-a-5-stk\",\"url\":\"https:\/\/www.arbeiter-shop.ch\/wp\/?product=atemschutzmaske-ffp2-kn95-pack-a-5-stk\",\"name\":\"Atemschutzmaske FFP2 \/ KN95 \/ Pack \u00e0 5 Stk. - Arbeiter-Shop\",\"isPartOf\":{\"@id\":\"https:\/\/www.arbeiter-shop.ch\/wp\/#website\"},\"primaryImageOfPage\":{\"@id\":\"https:\/\/www.arbeiter-shop.ch\/wp\/?product=atemschutzmaske-ffp2-kn95-pack-a-5-stk#primaryimage\"},\"image\":{\"@id\":\"https:\/\/www.arbeiter-shop.ch\/wp\/?product=atemschutzmaske-ffp2-kn95-pack-a-5-stk#primaryimage\"},\"thumbnailUrl\":\"https:\/\/www.arbeiter-shop.ch\/wp\/wp-content\/uploads\/Atemschutzmaske-02-1.png\",\"datePublished\":\"2020-06-22T06:40:43+00:00\",\"dateModified\":\"2020-06-22T07:11:11+00:00\",\"breadcrumb\":{\"@id\":\"https:\/\/www.arbeiter-shop.ch\/wp\/?product=atemschutzmaske-ffp2-kn95-pack-a-5-stk#breadcrumb\"},\"inLanguage\":\"de-CH\",\"potentialAction\":[{\"@type\":\"ReadAction\",\"target\":[\"https:\/\/www.arbeiter-shop.ch\/wp\/?product=atemschutzmaske-ffp2-kn95-pack-a-5-stk\"]}]},{\"@type\":\"ImageObject\",\"inLanguage\":\"de-CH\",\"@id\":\"https:\/\/www.arbeiter-shop.ch\/wp\/?product=atemschutzmaske-ffp2-kn95-pack-a-5-stk#primaryimage\",\"url\":\"https:\/\/www.arbeiter-shop.ch\/wp\/wp-content\/uploads\/Atemschutzmaske-02-1.png\",\"contentUrl\":\"https:\/\/www.arbeiter-shop.ch\/wp\/wp-content\/uploads\/Atemschutzmaske-02-1.png\",\"width\":640,\"height\":640},{\"@type\":\"BreadcrumbList\",\"@id\":\"https:\/\/www.arbeiter-shop.ch\/wp\/?product=atemschutzmaske-ffp2-kn95-pack-a-5-stk#breadcrumb\",\"itemListElement\":[{\"@type\":\"ListItem\",\"position\":1,\"name\":\"Home\",\"item\":\"https:\/\/www.arbeiter-shop.ch\/wp\/\"},{\"@type\":\"ListItem\",\"position\":2,\"name\":\"Arbeiter-Shop\",\"item\":\"https:\/\/www.arbeiter-shop.ch\/wp\/?page_id=4\"},{\"@type\":\"ListItem\",\"position\":3,\"name\":\"Atemschutzmaske FFP2 \/ KN95 \/ Pack \u00e0 5 Stk.\"}]},{\"@type\":\"WebSite\",\"@id\":\"https:\/\/www.arbeiter-shop.ch\/wp\/#website\",\"url\":\"https:\/\/www.arbeiter-shop.ch\/wp\/\",\"name\":\"Arbeiter-Shop\",\"description\":\"innovative technik f\u00fcr ihr zuhause\",\"publisher\":{\"@id\":\"https:\/\/www.arbeiter-shop.ch\/wp\/#organization\"},\"potentialAction\":[{\"@type\":\"SearchAction\",\"target\":{\"@type\":\"EntryPoint\",\"urlTemplate\":\"https:\/\/www.arbeiter-shop.ch\/wp\/?s={search_term_string}\"},\"query-input\":{\"@type\":\"PropertyValueSpecification\",\"valueRequired\":true,\"valueName\":\"search_term_string\"}}],\"inLanguage\":\"de-CH\"},{\"@type\":\"Organization\",\"@id\":\"https:\/\/www.arbeiter-shop.ch\/wp\/#organization\",\"name\":\"Arbeiter-Shop\",\"url\":\"https:\/\/www.arbeiter-shop.ch\/wp\/\",\"logo\":{\"@type\":\"ImageObject\",\"inLanguage\":\"de-CH\",\"@id\":\"https:\/\/www.arbeiter-shop.ch\/wp\/#\/schema\/logo\/image\/\",\"url\":\"https:\/\/www.arbeiter-shop.ch\/wp\/wp-content\/uploads\/cropped-arbeiter-shop-4f-ohne.png\",\"contentUrl\":\"https:\/\/www.arbeiter-shop.ch\/wp\/wp-content\/uploads\/cropped-arbeiter-shop-4f-ohne.png\",\"width\":567,\"height\":179,\"caption\":\"Arbeiter-Shop\"},\"image\":{\"@id\":\"https:\/\/www.arbeiter-shop.ch\/wp\/#\/schema\/logo\/image\/\"}}]}<\/script>\n<!-- \/ Yoast SEO plugin. -->","yoast_head_json":{"title":"Atemschutzmaske FFP2 \/ KN95 \/ Pack \u00e0 5 Stk. - Arbeiter-Shop","robots":{"index":"index","follow":"follow","max-snippet":"max-snippet:-1","max-image-preview":"max-image-preview:large","max-video-preview":"max-video-preview:-1"},"canonical":"https:\/\/www.arbeiter-shop.ch\/wp\/?product=atemschutzmaske-ffp2-kn95-pack-a-5-stk","og_locale":"de_DE","og_type":"article","og_title":"Atemschutzmaske FFP2 \/ KN95 \/ Pack \u00e0 5 Stk. - Arbeiter-Shop","og_description":"Pack \u00e0 5 St\u00fcck","og_url":"https:\/\/www.arbeiter-shop.ch\/wp\/?product=atemschutzmaske-ffp2-kn95-pack-a-5-stk","og_site_name":"Arbeiter-Shop","article_modified_time":"2020-06-22T07:11:11+00:00","og_image":[{"width":640,"height":640,"url":"https:\/\/www.arbeiter-shop.ch\/wp\/wp-content\/uploads\/Atemschutzmaske-02-1.png","type":"image\/png"}],"twitter_card":"summary_large_image","schema":{"@context":"https:\/\/schema.org","@graph":[{"@type":"WebPage","@id":"https:\/\/www.arbeiter-shop.ch\/wp\/?product=atemschutzmaske-ffp2-kn95-pack-a-5-stk","url":"https:\/\/www.arbeiter-shop.ch\/wp\/?product=atemschutzmaske-ffp2-kn95-pack-a-5-stk","name":"Atemschutzmaske FFP2 \/ KN95 \/ Pack \u00e0 5 Stk. - Arbeiter-Shop","isPartOf":{"@id":"https:\/\/www.arbeiter-shop.ch\/wp\/#website"},"primaryImageOfPage":{"@id":"https:\/\/www.arbeiter-shop.ch\/wp\/?product=atemschutzmaske-ffp2-kn95-pack-a-5-stk#primaryimage"},"image":{"@id":"https:\/\/www.arbeiter-shop.ch\/wp\/?product=atemschutzmaske-ffp2-kn95-pack-a-5-stk#primaryimage"},"thumbnailUrl":"https:\/\/www.arbeiter-shop.ch\/wp\/wp-content\/uploads\/Atemschutzmaske-02-1.png","datePublished":"2020-06-22T06:40:43+00:00","dateModified":"2020-06-22T07:11:11+00:00","breadcrumb":{"@id":"https:\/\/www.arbeiter-shop.ch\/wp\/?product=atemschutzmaske-ffp2-kn95-pack-a-5-stk#breadcrumb"},"inLanguage":"de-CH","potentialAction":[{"@type":"ReadAction","target":["https:\/\/www.arbeiter-shop.ch\/wp\/?product=atemschutzmaske-ffp2-kn95-pack-a-5-stk"]}]},{"@type":"ImageObject","inLanguage":"de-CH","@id":"https:\/\/www.arbeiter-shop.ch\/wp\/?product=atemschutzmaske-ffp2-kn95-pack-a-5-stk#primaryimage","url":"https:\/\/www.arbeiter-shop.ch\/wp\/wp-content\/uploads\/Atemschutzmaske-02-1.png","contentUrl":"https:\/\/www.arbeiter-shop.ch\/wp\/wp-content\/uploads\/Atemschutzmaske-02-1.png","width":640,"height":640},{"@type":"BreadcrumbList","@id":"https:\/\/www.arbeiter-shop.ch\/wp\/?product=atemschutzmaske-ffp2-kn95-pack-a-5-stk#breadcrumb","itemListElement":[{"@type":"ListItem","position":1,"name":"Home","item":"https:\/\/www.arbeiter-shop.ch\/wp\/"},{"@type":"ListItem","position":2,"name":"Arbeiter-Shop","item":"https:\/\/www.arbeiter-shop.ch\/wp\/?page_id=4"},{"@type":"ListItem","position":3,"name":"Atemschutzmaske FFP2 \/ KN95 \/ Pack \u00e0 5 Stk."}]},{"@type":"WebSite","@id":"https:\/\/www.arbeiter-shop.ch\/wp\/#website","url":"https:\/\/www.arbeiter-shop.ch\/wp\/","name":"Arbeiter-Shop","description":"innovative technik f\u00fcr ihr zuhause","publisher":{"@id":"https:\/\/www.arbeiter-shop.ch\/wp\/#organization"},"potentialAction":[{"@type":"SearchAction","target":{"@type":"EntryPoint","urlTemplate":"https:\/\/www.arbeiter-shop.ch\/wp\/?s={search_term_string}"},"query-input":{"@type":"PropertyValueSpecification","valueRequired":true,"valueName":"search_term_string"}}],"inLanguage":"de-CH"},{"@type":"Organization","@id":"https:\/\/www.arbeiter-shop.ch\/wp\/#organization","name":"Arbeiter-Shop","url":"https:\/\/www.arbeiter-shop.ch\/wp\/","logo":{"@type":"ImageObject","inLanguage":"de-CH","@id":"https:\/\/www.arbeiter-shop.ch\/wp\/#\/schema\/logo\/image\/","url":"https:\/\/www.arbeiter-shop.ch\/wp\/wp-content\/uploads\/cropped-arbeiter-shop-4f-ohne.png","contentUrl":"https:\/\/www.arbeiter-shop.ch\/wp\/wp-content\/uploads\/cropped-arbeiter-shop-4f-ohne.png","width":567,"height":179,"caption":"Arbeiter-Shop"},"image":{"@id":"https:\/\/www.arbeiter-shop.ch\/wp\/#\/schema\/logo\/image\/"}}]}},"_links":{"self":[{"href":"https:\/\/www.arbeiter-shop.ch\/wp\/index.php?rest_route=\/wp\/v2\/product\/1467","targetHints":{"allow":["GET"]}}],"collection":[{"href":"https:\/\/www.arbeiter-shop.ch\/wp\/index.php?rest_route=\/wp\/v2\/product"}],"about":[{"href":"https:\/\/www.arbeiter-shop.ch\/wp\/index.php?rest_route=\/wp\/v2\/types\/product"}],"replies":[{"embeddable":true,"href":"https:\/\/www.arbeiter-shop.ch\/wp\/index.php?rest_route=%2Fwp%2Fv2%2Fcomments&post=1467"}],"wp:featuredmedia":[{"embeddable":true,"href":"https:\/\/www.arbeiter-shop.ch\/wp\/index.php?rest_route=\/wp\/v2\/media\/1473"}],"wp:attachment":[{"href":"https:\/\/www.arbeiter-shop.ch\/wp\/index.php?rest_route=%2Fwp%2Fv2%2Fmedia&parent=1467"}],"wp:term":[{"taxonomy":"product_brand","embeddable":true,"href":"https:\/\/www.arbeiter-shop.ch\/wp\/index.php?rest_route=%2Fwp%2Fv2%2Fproduct_brand&post=1467"},{"taxonomy":"product_cat","embeddable":true,"href":"https:\/\/www.arbeiter-shop.ch\/wp\/index.php?rest_route=%2Fwp%2Fv2%2Fproduct_cat&post=1467"},{"taxonomy":"product_tag","embeddable":true,"href":"https:\/\/www.arbeiter-shop.ch\/wp\/index.php?rest_route=%2Fwp%2Fv2%2Fproduct_tag&post=1467"}],"curies":[{"name":"wp","href":"https:\/\/api.w.org\/{rel}","templated":true}]}}