{"id":1414,"date":"2020-06-08T15:29:57","date_gmt":"2020-06-08T13:29:57","guid":{"rendered":"https:\/\/www.arbeiter-shop.ch\/wp\/?post_type=product&#038;p=1414"},"modified":"2020-06-22T09:35:37","modified_gmt":"2020-06-22T07:35:37","slug":"steckwinkelsatz-100-mm-fuer-ua-100","status":"publish","type":"product","link":"https:\/\/www.arbeiter-shop.ch\/wp\/?product=steckwinkelsatz-100-mm-fuer-ua-100","title":{"rendered":"Steckwinkelsatz 100 mm f\u00fcr UA-100"},"content":{"rendered":"<p>Der Steckwinkelsatz f\u00fcr U-Aussteifungsprofile UA 100 aus verzinktem Metall dient zur Herstellung von Verbindungen und Anschl\u00fcssen der U-Aussteifungsprofile (UA-Profil) an Decke und Boden in Wandkonstruktionen. Der Steckwinkelsatz ist mit einer Lasche versehen, welche die UA-Profile aufnimmt. Durch diese Aufnahme k\u00f6nnen Bewegungen und Durchbiegungen der Raumdecke ausgeglichen werden. Zur Befestigung der Steckwinkel an Wand und Decke werden Schlagschrauben 8&#215;60 mm im Set mitgeliefert.<\/p>\n","protected":false},"excerpt":{"rendered":"<p>VPE: Pack \u00e0 1 Stk.<\/p>\n<p><strong>Steckwinkelsatz f\u00fcr UA 100 Profil in Trennw\u00e4nde<\/strong><br \/>\n&#8211; flexibler Anschluss<br \/>\n&#8211; inkl. Schlagschrauben 8 x 60 mm<br \/>\n&#8211; einfache Befestigung<br \/>\n&#8211; Stahl-Verzinkt<\/p>\n","protected":false},"featured_media":1474,"comment_status":"closed","ping_status":"closed","template":"","meta":[],"product_brand":[],"product_cat":[40],"product_tag":[],"class_list":{"0":"post-1414","1":"product","2":"type-product","3":"status-publish","4":"has-post-thumbnail","6":"product_cat-trockenbau-befestigungsmaterial","8":"first","9":"instock","10":"taxable","11":"shipping-taxable","12":"purchasable","13":"product-type-simple"},"yoast_head":"<!-- This site is optimized with the Yoast SEO plugin v24.6 - https:\/\/yoast.com\/wordpress\/plugins\/seo\/ -->\n<title>Steckwinkelsatz 100 mm f\u00fcr UA-100 - Arbeiter-Shop<\/title>\n<meta name=\"robots\" content=\"index, follow, max-snippet:-1, max-image-preview:large, max-video-preview:-1\" \/>\n<link rel=\"canonical\" href=\"https:\/\/www.arbeiter-shop.ch\/wp\/?product=steckwinkelsatz-100-mm-fuer-ua-100\" \/>\n<meta property=\"og:locale\" content=\"de_DE\" \/>\n<meta property=\"og:type\" content=\"article\" \/>\n<meta property=\"og:title\" content=\"Steckwinkelsatz 100 mm f\u00fcr UA-100 - Arbeiter-Shop\" \/>\n<meta property=\"og:description\" content=\"VPE: Pack \u00e0 1 Stk.  Steckwinkelsatz f\u00fcr UA 100 Profil in Trennw\u00e4nde - flexibler Anschluss - inkl. Schlagschrauben 8 x 60 mm - einfache Befestigung - Stahl-Verzinkt\" \/>\n<meta property=\"og:url\" content=\"https:\/\/www.arbeiter-shop.ch\/wp\/?product=steckwinkelsatz-100-mm-fuer-ua-100\" \/>\n<meta property=\"og:site_name\" content=\"Arbeiter-Shop\" \/>\n<meta property=\"article:modified_time\" content=\"2020-06-22T07:35:37+00:00\" \/>\n<meta property=\"og:image\" content=\"https:\/\/www.arbeiter-shop.ch\/wp\/wp-content\/uploads\/Steckwinkelsatz-f\u00fcr-UA-100.jpg\" \/>\n\t<meta property=\"og:image:width\" content=\"705\" \/>\n\t<meta property=\"og:image:height\" content=\"704\" \/>\n\t<meta property=\"og:image:type\" content=\"image\/jpeg\" \/>\n<meta name=\"twitter:card\" content=\"summary_large_image\" \/>\n<script type=\"application\/ld+json\" class=\"yoast-schema-graph\">{\"@context\":\"https:\/\/schema.org\",\"@graph\":[{\"@type\":\"WebPage\",\"@id\":\"https:\/\/www.arbeiter-shop.ch\/wp\/?product=steckwinkelsatz-100-mm-fuer-ua-100\",\"url\":\"https:\/\/www.arbeiter-shop.ch\/wp\/?product=steckwinkelsatz-100-mm-fuer-ua-100\",\"name\":\"Steckwinkelsatz 100 mm f\u00fcr UA-100 - Arbeiter-Shop\",\"isPartOf\":{\"@id\":\"https:\/\/www.arbeiter-shop.ch\/wp\/#website\"},\"primaryImageOfPage\":{\"@id\":\"https:\/\/www.arbeiter-shop.ch\/wp\/?product=steckwinkelsatz-100-mm-fuer-ua-100#primaryimage\"},\"image\":{\"@id\":\"https:\/\/www.arbeiter-shop.ch\/wp\/?product=steckwinkelsatz-100-mm-fuer-ua-100#primaryimage\"},\"thumbnailUrl\":\"https:\/\/www.arbeiter-shop.ch\/wp\/wp-content\/uploads\/Steckwinkelsatz-f\u00fcr-UA-100.jpg\",\"datePublished\":\"2020-06-08T13:29:57+00:00\",\"dateModified\":\"2020-06-22T07:35:37+00:00\",\"breadcrumb\":{\"@id\":\"https:\/\/www.arbeiter-shop.ch\/wp\/?product=steckwinkelsatz-100-mm-fuer-ua-100#breadcrumb\"},\"inLanguage\":\"de-CH\",\"potentialAction\":[{\"@type\":\"ReadAction\",\"target\":[\"https:\/\/www.arbeiter-shop.ch\/wp\/?product=steckwinkelsatz-100-mm-fuer-ua-100\"]}]},{\"@type\":\"ImageObject\",\"inLanguage\":\"de-CH\",\"@id\":\"https:\/\/www.arbeiter-shop.ch\/wp\/?product=steckwinkelsatz-100-mm-fuer-ua-100#primaryimage\",\"url\":\"https:\/\/www.arbeiter-shop.ch\/wp\/wp-content\/uploads\/Steckwinkelsatz-f\u00fcr-UA-100.jpg\",\"contentUrl\":\"https:\/\/www.arbeiter-shop.ch\/wp\/wp-content\/uploads\/Steckwinkelsatz-f\u00fcr-UA-100.jpg\",\"width\":705,\"height\":704},{\"@type\":\"BreadcrumbList\",\"@id\":\"https:\/\/www.arbeiter-shop.ch\/wp\/?product=steckwinkelsatz-100-mm-fuer-ua-100#breadcrumb\",\"itemListElement\":[{\"@type\":\"ListItem\",\"position\":1,\"name\":\"Home\",\"item\":\"https:\/\/www.arbeiter-shop.ch\/wp\/\"},{\"@type\":\"ListItem\",\"position\":2,\"name\":\"Arbeiter-Shop\",\"item\":\"https:\/\/www.arbeiter-shop.ch\/wp\/?page_id=4\"},{\"@type\":\"ListItem\",\"position\":3,\"name\":\"Steckwinkelsatz 100 mm f\u00fcr UA-100\"}]},{\"@type\":\"WebSite\",\"@id\":\"https:\/\/www.arbeiter-shop.ch\/wp\/#website\",\"url\":\"https:\/\/www.arbeiter-shop.ch\/wp\/\",\"name\":\"Arbeiter-Shop\",\"description\":\"innovative technik f\u00fcr ihr zuhause\",\"publisher\":{\"@id\":\"https:\/\/www.arbeiter-shop.ch\/wp\/#organization\"},\"potentialAction\":[{\"@type\":\"SearchAction\",\"target\":{\"@type\":\"EntryPoint\",\"urlTemplate\":\"https:\/\/www.arbeiter-shop.ch\/wp\/?s={search_term_string}\"},\"query-input\":{\"@type\":\"PropertyValueSpecification\",\"valueRequired\":true,\"valueName\":\"search_term_string\"}}],\"inLanguage\":\"de-CH\"},{\"@type\":\"Organization\",\"@id\":\"https:\/\/www.arbeiter-shop.ch\/wp\/#organization\",\"name\":\"Arbeiter-Shop\",\"url\":\"https:\/\/www.arbeiter-shop.ch\/wp\/\",\"logo\":{\"@type\":\"ImageObject\",\"inLanguage\":\"de-CH\",\"@id\":\"https:\/\/www.arbeiter-shop.ch\/wp\/#\/schema\/logo\/image\/\",\"url\":\"https:\/\/www.arbeiter-shop.ch\/wp\/wp-content\/uploads\/cropped-arbeiter-shop-4f-ohne.png\",\"contentUrl\":\"https:\/\/www.arbeiter-shop.ch\/wp\/wp-content\/uploads\/cropped-arbeiter-shop-4f-ohne.png\",\"width\":567,\"height\":179,\"caption\":\"Arbeiter-Shop\"},\"image\":{\"@id\":\"https:\/\/www.arbeiter-shop.ch\/wp\/#\/schema\/logo\/image\/\"}}]}<\/script>\n<!-- \/ Yoast SEO plugin. -->","yoast_head_json":{"title":"Steckwinkelsatz 100 mm f\u00fcr UA-100 - Arbeiter-Shop","robots":{"index":"index","follow":"follow","max-snippet":"max-snippet:-1","max-image-preview":"max-image-preview:large","max-video-preview":"max-video-preview:-1"},"canonical":"https:\/\/www.arbeiter-shop.ch\/wp\/?product=steckwinkelsatz-100-mm-fuer-ua-100","og_locale":"de_DE","og_type":"article","og_title":"Steckwinkelsatz 100 mm f\u00fcr UA-100 - Arbeiter-Shop","og_description":"VPE: Pack \u00e0 1 Stk.  Steckwinkelsatz f\u00fcr UA 100 Profil in Trennw\u00e4nde - flexibler Anschluss - inkl. Schlagschrauben 8 x 60 mm - einfache Befestigung - Stahl-Verzinkt","og_url":"https:\/\/www.arbeiter-shop.ch\/wp\/?product=steckwinkelsatz-100-mm-fuer-ua-100","og_site_name":"Arbeiter-Shop","article_modified_time":"2020-06-22T07:35:37+00:00","og_image":[{"width":705,"height":704,"url":"https:\/\/www.arbeiter-shop.ch\/wp\/wp-content\/uploads\/Steckwinkelsatz-f\u00fcr-UA-100.jpg","type":"image\/jpeg"}],"twitter_card":"summary_large_image","schema":{"@context":"https:\/\/schema.org","@graph":[{"@type":"WebPage","@id":"https:\/\/www.arbeiter-shop.ch\/wp\/?product=steckwinkelsatz-100-mm-fuer-ua-100","url":"https:\/\/www.arbeiter-shop.ch\/wp\/?product=steckwinkelsatz-100-mm-fuer-ua-100","name":"Steckwinkelsatz 100 mm f\u00fcr UA-100 - Arbeiter-Shop","isPartOf":{"@id":"https:\/\/www.arbeiter-shop.ch\/wp\/#website"},"primaryImageOfPage":{"@id":"https:\/\/www.arbeiter-shop.ch\/wp\/?product=steckwinkelsatz-100-mm-fuer-ua-100#primaryimage"},"image":{"@id":"https:\/\/www.arbeiter-shop.ch\/wp\/?product=steckwinkelsatz-100-mm-fuer-ua-100#primaryimage"},"thumbnailUrl":"https:\/\/www.arbeiter-shop.ch\/wp\/wp-content\/uploads\/Steckwinkelsatz-f\u00fcr-UA-100.jpg","datePublished":"2020-06-08T13:29:57+00:00","dateModified":"2020-06-22T07:35:37+00:00","breadcrumb":{"@id":"https:\/\/www.arbeiter-shop.ch\/wp\/?product=steckwinkelsatz-100-mm-fuer-ua-100#breadcrumb"},"inLanguage":"de-CH","potentialAction":[{"@type":"ReadAction","target":["https:\/\/www.arbeiter-shop.ch\/wp\/?product=steckwinkelsatz-100-mm-fuer-ua-100"]}]},{"@type":"ImageObject","inLanguage":"de-CH","@id":"https:\/\/www.arbeiter-shop.ch\/wp\/?product=steckwinkelsatz-100-mm-fuer-ua-100#primaryimage","url":"https:\/\/www.arbeiter-shop.ch\/wp\/wp-content\/uploads\/Steckwinkelsatz-f\u00fcr-UA-100.jpg","contentUrl":"https:\/\/www.arbeiter-shop.ch\/wp\/wp-content\/uploads\/Steckwinkelsatz-f\u00fcr-UA-100.jpg","width":705,"height":704},{"@type":"BreadcrumbList","@id":"https:\/\/www.arbeiter-shop.ch\/wp\/?product=steckwinkelsatz-100-mm-fuer-ua-100#breadcrumb","itemListElement":[{"@type":"ListItem","position":1,"name":"Home","item":"https:\/\/www.arbeiter-shop.ch\/wp\/"},{"@type":"ListItem","position":2,"name":"Arbeiter-Shop","item":"https:\/\/www.arbeiter-shop.ch\/wp\/?page_id=4"},{"@type":"ListItem","position":3,"name":"Steckwinkelsatz 100 mm f\u00fcr UA-100"}]},{"@type":"WebSite","@id":"https:\/\/www.arbeiter-shop.ch\/wp\/#website","url":"https:\/\/www.arbeiter-shop.ch\/wp\/","name":"Arbeiter-Shop","description":"innovative technik f\u00fcr ihr zuhause","publisher":{"@id":"https:\/\/www.arbeiter-shop.ch\/wp\/#organization"},"potentialAction":[{"@type":"SearchAction","target":{"@type":"EntryPoint","urlTemplate":"https:\/\/www.arbeiter-shop.ch\/wp\/?s={search_term_string}"},"query-input":{"@type":"PropertyValueSpecification","valueRequired":true,"valueName":"search_term_string"}}],"inLanguage":"de-CH"},{"@type":"Organization","@id":"https:\/\/www.arbeiter-shop.ch\/wp\/#organization","name":"Arbeiter-Shop","url":"https:\/\/www.arbeiter-shop.ch\/wp\/","logo":{"@type":"ImageObject","inLanguage":"de-CH","@id":"https:\/\/www.arbeiter-shop.ch\/wp\/#\/schema\/logo\/image\/","url":"https:\/\/www.arbeiter-shop.ch\/wp\/wp-content\/uploads\/cropped-arbeiter-shop-4f-ohne.png","contentUrl":"https:\/\/www.arbeiter-shop.ch\/wp\/wp-content\/uploads\/cropped-arbeiter-shop-4f-ohne.png","width":567,"height":179,"caption":"Arbeiter-Shop"},"image":{"@id":"https:\/\/www.arbeiter-shop.ch\/wp\/#\/schema\/logo\/image\/"}}]}},"_links":{"self":[{"href":"https:\/\/www.arbeiter-shop.ch\/wp\/index.php?rest_route=\/wp\/v2\/product\/1414","targetHints":{"allow":["GET"]}}],"collection":[{"href":"https:\/\/www.arbeiter-shop.ch\/wp\/index.php?rest_route=\/wp\/v2\/product"}],"about":[{"href":"https:\/\/www.arbeiter-shop.ch\/wp\/index.php?rest_route=\/wp\/v2\/types\/product"}],"replies":[{"embeddable":true,"href":"https:\/\/www.arbeiter-shop.ch\/wp\/index.php?rest_route=%2Fwp%2Fv2%2Fcomments&post=1414"}],"wp:featuredmedia":[{"embeddable":true,"href":"https:\/\/www.arbeiter-shop.ch\/wp\/index.php?rest_route=\/wp\/v2\/media\/1474"}],"wp:attachment":[{"href":"https:\/\/www.arbeiter-shop.ch\/wp\/index.php?rest_route=%2Fwp%2Fv2%2Fmedia&parent=1414"}],"wp:term":[{"taxonomy":"product_brand","embeddable":true,"href":"https:\/\/www.arbeiter-shop.ch\/wp\/index.php?rest_route=%2Fwp%2Fv2%2Fproduct_brand&post=1414"},{"taxonomy":"product_cat","embeddable":true,"href":"https:\/\/www.arbeiter-shop.ch\/wp\/index.php?rest_route=%2Fwp%2Fv2%2Fproduct_cat&post=1414"},{"taxonomy":"product_tag","embeddable":true,"href":"https:\/\/www.arbeiter-shop.ch\/wp\/index.php?rest_route=%2Fwp%2Fv2%2Fproduct_tag&post=1414"}],"curies":[{"name":"wp","href":"https:\/\/api.w.org\/{rel}","templated":true}]}}