{"id":1405,"date":"2020-06-08T12:22:01","date_gmt":"2020-06-08T10:22:01","guid":{"rendered":"https:\/\/www.arbeiter-shop.ch\/wp\/?post_type=product&#038;p=1405"},"modified":"2020-06-18T09:35:24","modified_gmt":"2020-06-18T07:35:24","slug":"cutter-messer-18-mm","status":"publish","type":"product","link":"https:\/\/www.arbeiter-shop.ch\/wp\/?product=cutter-messer-18-mm","title":{"rendered":"Cuttermesser 18 mm"},"content":{"rendered":"","protected":false},"excerpt":{"rendered":"<p>Preis pro Stk.<\/p>\n<p><span style=\"color: #000000;\"><strong><span style=\"font-family: 'Arial', sans-serif;\">Cuttermesser 18 mm Profi:<\/span><\/strong><b><span style=\"font-family: 'Arial', sans-serif;\"><br \/>\n<\/span><\/b><strong><span style=\"font-family: 'Arial', sans-serif; font-weight: normal;\">&#8211; Alu Druckguss Cuttermesser mit 18mm Abbruchklinge<\/span><\/strong><b><span style=\"font-family: 'Arial', sans-serif;\"><br \/>\n<\/span><\/b><strong><span style=\"font-family: 'Arial', sans-serif; font-weight: normal;\">&#8211; K\u00f6rper aus robustem Alu Druckguss gefertigt<\/span><\/strong><b><span style=\"font-family: 'Arial', sans-serif;\"><br \/>\n<\/span><\/b><strong><span style=\"font-family: 'Arial', sans-serif; font-weight: normal;\">&#8211; Gewicht ca. 80g dadurch lieg es gut in der Hand<\/span><\/strong><b><span style=\"font-family: 'Arial', sans-serif;\"><br \/>\n<\/span><\/b><strong><span style=\"font-family: 'Arial', sans-serif; font-weight: normal;\">&#8211; L\u00e4nge komplett: 15cm Breite: ca. 3cm <\/span><\/strong><b><span style=\"font-family: 'Arial',sans-serif;\"><br \/>\n<\/span><\/b><strong><span style=\"font-family: 'Arial',sans-serif; font-weight: normal;\">&#8211; Klingenbreite: 18mm<\/span><\/strong><b><span style=\"font-family: 'Arial',sans-serif;\"><br \/>\n<\/span><\/b><strong><span style=\"font-family: 'Arial',sans-serif; font-weight: normal;\">&#8211; Klingenst\u00e4rke: 0,4mm<\/span><\/strong><b><span style=\"font-family: 'Arial',sans-serif;\"><br \/>\n<\/span><\/b><strong><span style=\"font-family: 'Arial',sans-serif; font-weight: normal;\">&#8211; 7 Bruchstellen pro Klinge<\/span><\/strong><\/span><b><\/b><\/p>\n","protected":false},"featured_media":1407,"comment_status":"closed","ping_status":"closed","template":"","meta":[],"product_brand":[],"product_cat":[36],"product_tag":[],"class_list":{"0":"post-1405","1":"product","2":"type-product","3":"status-publish","4":"has-post-thumbnail","6":"product_cat-werkzeug","8":"first","9":"instock","10":"taxable","11":"shipping-taxable","12":"purchasable","13":"product-type-simple"},"yoast_head":"<!-- This site is optimized with the Yoast SEO plugin v24.6 - https:\/\/yoast.com\/wordpress\/plugins\/seo\/ -->\n<title>Cuttermesser 18 mm - Arbeiter-Shop<\/title>\n<meta name=\"robots\" content=\"index, follow, max-snippet:-1, max-image-preview:large, max-video-preview:-1\" \/>\n<link rel=\"canonical\" href=\"https:\/\/www.arbeiter-shop.ch\/wp\/?product=cutter-messer-18-mm\" \/>\n<meta property=\"og:locale\" content=\"de_DE\" \/>\n<meta property=\"og:type\" content=\"article\" \/>\n<meta property=\"og:title\" content=\"Cuttermesser 18 mm - Arbeiter-Shop\" \/>\n<meta property=\"og:description\" content=\"Preis pro Stk.  Cuttermesser 18 mm Profi: - Alu Druckguss Cuttermesser mit 18mm Abbruchklinge - K\u00f6rper aus robustem Alu Druckguss gefertigt - Gewicht ca. 80g dadurch lieg es gut in der Hand - L\u00e4nge komplett: 15cm Breite: ca. 3cm  - Klingenbreite: 18mm - Klingenst\u00e4rke: 0,4mm - 7 Bruchstellen pro Klinge\" \/>\n<meta property=\"og:url\" content=\"https:\/\/www.arbeiter-shop.ch\/wp\/?product=cutter-messer-18-mm\" \/>\n<meta property=\"og:site_name\" content=\"Arbeiter-Shop\" \/>\n<meta property=\"article:modified_time\" content=\"2020-06-18T07:35:24+00:00\" \/>\n<meta property=\"og:image\" content=\"https:\/\/www.arbeiter-shop.ch\/wp\/wp-content\/uploads\/Cuttermesser-18mm.jpg\" \/>\n\t<meta property=\"og:image:width\" content=\"1600\" \/>\n\t<meta property=\"og:image:height\" content=\"1600\" \/>\n\t<meta property=\"og:image:type\" content=\"image\/jpeg\" \/>\n<meta name=\"twitter:card\" content=\"summary_large_image\" \/>\n<script type=\"application\/ld+json\" class=\"yoast-schema-graph\">{\"@context\":\"https:\/\/schema.org\",\"@graph\":[{\"@type\":\"WebPage\",\"@id\":\"https:\/\/www.arbeiter-shop.ch\/wp\/?product=cutter-messer-18-mm\",\"url\":\"https:\/\/www.arbeiter-shop.ch\/wp\/?product=cutter-messer-18-mm\",\"name\":\"Cuttermesser 18 mm - Arbeiter-Shop\",\"isPartOf\":{\"@id\":\"https:\/\/www.arbeiter-shop.ch\/wp\/#website\"},\"primaryImageOfPage\":{\"@id\":\"https:\/\/www.arbeiter-shop.ch\/wp\/?product=cutter-messer-18-mm#primaryimage\"},\"image\":{\"@id\":\"https:\/\/www.arbeiter-shop.ch\/wp\/?product=cutter-messer-18-mm#primaryimage\"},\"thumbnailUrl\":\"https:\/\/www.arbeiter-shop.ch\/wp\/wp-content\/uploads\/Cuttermesser-18mm.jpg\",\"datePublished\":\"2020-06-08T10:22:01+00:00\",\"dateModified\":\"2020-06-18T07:35:24+00:00\",\"breadcrumb\":{\"@id\":\"https:\/\/www.arbeiter-shop.ch\/wp\/?product=cutter-messer-18-mm#breadcrumb\"},\"inLanguage\":\"de-CH\",\"potentialAction\":[{\"@type\":\"ReadAction\",\"target\":[\"https:\/\/www.arbeiter-shop.ch\/wp\/?product=cutter-messer-18-mm\"]}]},{\"@type\":\"ImageObject\",\"inLanguage\":\"de-CH\",\"@id\":\"https:\/\/www.arbeiter-shop.ch\/wp\/?product=cutter-messer-18-mm#primaryimage\",\"url\":\"https:\/\/www.arbeiter-shop.ch\/wp\/wp-content\/uploads\/Cuttermesser-18mm.jpg\",\"contentUrl\":\"https:\/\/www.arbeiter-shop.ch\/wp\/wp-content\/uploads\/Cuttermesser-18mm.jpg\",\"width\":1600,\"height\":1600},{\"@type\":\"BreadcrumbList\",\"@id\":\"https:\/\/www.arbeiter-shop.ch\/wp\/?product=cutter-messer-18-mm#breadcrumb\",\"itemListElement\":[{\"@type\":\"ListItem\",\"position\":1,\"name\":\"Home\",\"item\":\"https:\/\/www.arbeiter-shop.ch\/wp\/\"},{\"@type\":\"ListItem\",\"position\":2,\"name\":\"Arbeiter-Shop\",\"item\":\"https:\/\/www.arbeiter-shop.ch\/wp\/?page_id=4\"},{\"@type\":\"ListItem\",\"position\":3,\"name\":\"Cuttermesser 18 mm\"}]},{\"@type\":\"WebSite\",\"@id\":\"https:\/\/www.arbeiter-shop.ch\/wp\/#website\",\"url\":\"https:\/\/www.arbeiter-shop.ch\/wp\/\",\"name\":\"Arbeiter-Shop\",\"description\":\"innovative technik f\u00fcr ihr zuhause\",\"publisher\":{\"@id\":\"https:\/\/www.arbeiter-shop.ch\/wp\/#organization\"},\"potentialAction\":[{\"@type\":\"SearchAction\",\"target\":{\"@type\":\"EntryPoint\",\"urlTemplate\":\"https:\/\/www.arbeiter-shop.ch\/wp\/?s={search_term_string}\"},\"query-input\":{\"@type\":\"PropertyValueSpecification\",\"valueRequired\":true,\"valueName\":\"search_term_string\"}}],\"inLanguage\":\"de-CH\"},{\"@type\":\"Organization\",\"@id\":\"https:\/\/www.arbeiter-shop.ch\/wp\/#organization\",\"name\":\"Arbeiter-Shop\",\"url\":\"https:\/\/www.arbeiter-shop.ch\/wp\/\",\"logo\":{\"@type\":\"ImageObject\",\"inLanguage\":\"de-CH\",\"@id\":\"https:\/\/www.arbeiter-shop.ch\/wp\/#\/schema\/logo\/image\/\",\"url\":\"https:\/\/www.arbeiter-shop.ch\/wp\/wp-content\/uploads\/cropped-arbeiter-shop-4f-ohne.png\",\"contentUrl\":\"https:\/\/www.arbeiter-shop.ch\/wp\/wp-content\/uploads\/cropped-arbeiter-shop-4f-ohne.png\",\"width\":567,\"height\":179,\"caption\":\"Arbeiter-Shop\"},\"image\":{\"@id\":\"https:\/\/www.arbeiter-shop.ch\/wp\/#\/schema\/logo\/image\/\"}}]}<\/script>\n<!-- \/ Yoast SEO plugin. -->","yoast_head_json":{"title":"Cuttermesser 18 mm - Arbeiter-Shop","robots":{"index":"index","follow":"follow","max-snippet":"max-snippet:-1","max-image-preview":"max-image-preview:large","max-video-preview":"max-video-preview:-1"},"canonical":"https:\/\/www.arbeiter-shop.ch\/wp\/?product=cutter-messer-18-mm","og_locale":"de_DE","og_type":"article","og_title":"Cuttermesser 18 mm - Arbeiter-Shop","og_description":"Preis pro Stk.  Cuttermesser 18 mm Profi: - Alu Druckguss Cuttermesser mit 18mm Abbruchklinge - K\u00f6rper aus robustem Alu Druckguss gefertigt - Gewicht ca. 80g dadurch lieg es gut in der Hand - L\u00e4nge komplett: 15cm Breite: ca. 3cm  - Klingenbreite: 18mm - Klingenst\u00e4rke: 0,4mm - 7 Bruchstellen pro Klinge","og_url":"https:\/\/www.arbeiter-shop.ch\/wp\/?product=cutter-messer-18-mm","og_site_name":"Arbeiter-Shop","article_modified_time":"2020-06-18T07:35:24+00:00","og_image":[{"width":1600,"height":1600,"url":"https:\/\/www.arbeiter-shop.ch\/wp\/wp-content\/uploads\/Cuttermesser-18mm.jpg","type":"image\/jpeg"}],"twitter_card":"summary_large_image","schema":{"@context":"https:\/\/schema.org","@graph":[{"@type":"WebPage","@id":"https:\/\/www.arbeiter-shop.ch\/wp\/?product=cutter-messer-18-mm","url":"https:\/\/www.arbeiter-shop.ch\/wp\/?product=cutter-messer-18-mm","name":"Cuttermesser 18 mm - Arbeiter-Shop","isPartOf":{"@id":"https:\/\/www.arbeiter-shop.ch\/wp\/#website"},"primaryImageOfPage":{"@id":"https:\/\/www.arbeiter-shop.ch\/wp\/?product=cutter-messer-18-mm#primaryimage"},"image":{"@id":"https:\/\/www.arbeiter-shop.ch\/wp\/?product=cutter-messer-18-mm#primaryimage"},"thumbnailUrl":"https:\/\/www.arbeiter-shop.ch\/wp\/wp-content\/uploads\/Cuttermesser-18mm.jpg","datePublished":"2020-06-08T10:22:01+00:00","dateModified":"2020-06-18T07:35:24+00:00","breadcrumb":{"@id":"https:\/\/www.arbeiter-shop.ch\/wp\/?product=cutter-messer-18-mm#breadcrumb"},"inLanguage":"de-CH","potentialAction":[{"@type":"ReadAction","target":["https:\/\/www.arbeiter-shop.ch\/wp\/?product=cutter-messer-18-mm"]}]},{"@type":"ImageObject","inLanguage":"de-CH","@id":"https:\/\/www.arbeiter-shop.ch\/wp\/?product=cutter-messer-18-mm#primaryimage","url":"https:\/\/www.arbeiter-shop.ch\/wp\/wp-content\/uploads\/Cuttermesser-18mm.jpg","contentUrl":"https:\/\/www.arbeiter-shop.ch\/wp\/wp-content\/uploads\/Cuttermesser-18mm.jpg","width":1600,"height":1600},{"@type":"BreadcrumbList","@id":"https:\/\/www.arbeiter-shop.ch\/wp\/?product=cutter-messer-18-mm#breadcrumb","itemListElement":[{"@type":"ListItem","position":1,"name":"Home","item":"https:\/\/www.arbeiter-shop.ch\/wp\/"},{"@type":"ListItem","position":2,"name":"Arbeiter-Shop","item":"https:\/\/www.arbeiter-shop.ch\/wp\/?page_id=4"},{"@type":"ListItem","position":3,"name":"Cuttermesser 18 mm"}]},{"@type":"WebSite","@id":"https:\/\/www.arbeiter-shop.ch\/wp\/#website","url":"https:\/\/www.arbeiter-shop.ch\/wp\/","name":"Arbeiter-Shop","description":"innovative technik f\u00fcr ihr zuhause","publisher":{"@id":"https:\/\/www.arbeiter-shop.ch\/wp\/#organization"},"potentialAction":[{"@type":"SearchAction","target":{"@type":"EntryPoint","urlTemplate":"https:\/\/www.arbeiter-shop.ch\/wp\/?s={search_term_string}"},"query-input":{"@type":"PropertyValueSpecification","valueRequired":true,"valueName":"search_term_string"}}],"inLanguage":"de-CH"},{"@type":"Organization","@id":"https:\/\/www.arbeiter-shop.ch\/wp\/#organization","name":"Arbeiter-Shop","url":"https:\/\/www.arbeiter-shop.ch\/wp\/","logo":{"@type":"ImageObject","inLanguage":"de-CH","@id":"https:\/\/www.arbeiter-shop.ch\/wp\/#\/schema\/logo\/image\/","url":"https:\/\/www.arbeiter-shop.ch\/wp\/wp-content\/uploads\/cropped-arbeiter-shop-4f-ohne.png","contentUrl":"https:\/\/www.arbeiter-shop.ch\/wp\/wp-content\/uploads\/cropped-arbeiter-shop-4f-ohne.png","width":567,"height":179,"caption":"Arbeiter-Shop"},"image":{"@id":"https:\/\/www.arbeiter-shop.ch\/wp\/#\/schema\/logo\/image\/"}}]}},"_links":{"self":[{"href":"https:\/\/www.arbeiter-shop.ch\/wp\/index.php?rest_route=\/wp\/v2\/product\/1405","targetHints":{"allow":["GET"]}}],"collection":[{"href":"https:\/\/www.arbeiter-shop.ch\/wp\/index.php?rest_route=\/wp\/v2\/product"}],"about":[{"href":"https:\/\/www.arbeiter-shop.ch\/wp\/index.php?rest_route=\/wp\/v2\/types\/product"}],"replies":[{"embeddable":true,"href":"https:\/\/www.arbeiter-shop.ch\/wp\/index.php?rest_route=%2Fwp%2Fv2%2Fcomments&post=1405"}],"wp:featuredmedia":[{"embeddable":true,"href":"https:\/\/www.arbeiter-shop.ch\/wp\/index.php?rest_route=\/wp\/v2\/media\/1407"}],"wp:attachment":[{"href":"https:\/\/www.arbeiter-shop.ch\/wp\/index.php?rest_route=%2Fwp%2Fv2%2Fmedia&parent=1405"}],"wp:term":[{"taxonomy":"product_brand","embeddable":true,"href":"https:\/\/www.arbeiter-shop.ch\/wp\/index.php?rest_route=%2Fwp%2Fv2%2Fproduct_brand&post=1405"},{"taxonomy":"product_cat","embeddable":true,"href":"https:\/\/www.arbeiter-shop.ch\/wp\/index.php?rest_route=%2Fwp%2Fv2%2Fproduct_cat&post=1405"},{"taxonomy":"product_tag","embeddable":true,"href":"https:\/\/www.arbeiter-shop.ch\/wp\/index.php?rest_route=%2Fwp%2Fv2%2Fproduct_tag&post=1405"}],"curies":[{"name":"wp","href":"https:\/\/api.w.org\/{rel}","templated":true}]}}