{"id":1113,"date":"2018-10-16T11:57:45","date_gmt":"2018-10-16T09:57:45","guid":{"rendered":"https:\/\/www.homeinnovations.ch\/wp\/?post_type=product&#038;p=1113"},"modified":"2018-10-17T11:19:25","modified_gmt":"2018-10-17T09:19:25","slug":"spot-led-nickel-move-dimmbar-3000k-10-5w-230v-38","status":"publish","type":"product","link":"https:\/\/www.arbeiter-shop.ch\/wp\/?product=spot-led-nickel-move-dimmbar-3000k-10-5w-230v-38","title":{"rendered":"Spot LED nickel move dimmbar 3000K 10.5W 230V 38\u00b0"},"content":{"rendered":"<table cellspacing=\"0\">\n<tbody>\n<tr>\n<td class=\"attrib\" headers=\"header1\">Ausstrahlungswinkel<\/td>\n<td headers=\"header1\">mediumstrahlend 20-40\u00b0<\/td>\n<\/tr>\n<tr>\n<td class=\"attrib\" headers=\"header1\">geeignet f\u00fcr Anbau<\/td>\n<td headers=\"header1\">nein<\/td>\n<\/tr>\n<tr>\n<td class=\"attrib\" headers=\"header1\">geeignet f\u00fcr Einbaumontage<\/td>\n<td headers=\"header1\">ja<\/td>\n<\/tr>\n<tr>\n<td class=\"attrib\" headers=\"header1\">geeignet f\u00fcr Wandmontage<\/td>\n<td headers=\"header1\">nein<\/td>\n<\/tr>\n<tr>\n<td class=\"attrib\" headers=\"header1\">Spannungsart<\/td>\n<td headers=\"header1\">AC<\/td>\n<\/tr>\n<tr>\n<td class=\"attrib\" headers=\"header1\">Umgebungstemperatur<\/td>\n<td headers=\"header1\">-20 \u00b0C<br \/>\n35 \u00b0C<\/td>\n<\/tr>\n<tr>\n<td class=\"attrib\" headers=\"header1\">geeignet f\u00fcr Pendelaufh\u00e4ngung<\/td>\n<td headers=\"header1\">nein<\/td>\n<\/tr>\n<tr>\n<td class=\"attrib\" headers=\"header1\">mit Lichtsensor<\/td>\n<td headers=\"header1\">nein<\/td>\n<\/tr>\n<tr>\n<td class=\"attrib\" headers=\"header1\">Farbwiedergabestufe<\/td>\n<td headers=\"header1\">90-100 (Klasse 1A)<\/td>\n<\/tr>\n<tr>\n<td class=\"attrib\" headers=\"header1\">geeignet f\u00fcr Lampenleistung<\/td>\n<td headers=\"header1\">10.5 W<br \/>\n10.5 W<\/td>\n<\/tr>\n<tr>\n<td class=\"attrib\" headers=\"header1\">mit Bewegungsmelder<\/td>\n<td headers=\"header1\">nein<\/td>\n<\/tr>\n<tr>\n<td class=\"attrib\" headers=\"header1\">Art der Dimmung<\/td>\n<td headers=\"header1\">Phasenabschnitt<\/td>\n<\/tr>\n<tr>\n<td class=\"attrib\" headers=\"header1\">Notlichtkomponente integriert<\/td>\n<td headers=\"header1\">nein<\/td>\n<\/tr>\n<tr>\n<td class=\"attrib\" headers=\"header1\">Nennstrom<\/td>\n<td headers=\"header1\">260 mA<br \/>\n260 mA<\/td>\n<\/tr>\n<tr>\n<td class=\"attrib\" headers=\"header1\">Farbtemperatur<\/td>\n<td headers=\"header1\">3000 K<br \/>\n3000 K<\/td>\n<\/tr>\n<tr>\n<td class=\"attrib\" headers=\"header1\">Lichtfarbe<\/td>\n<td headers=\"header1\">weiss<\/td>\n<\/tr>\n<tr>\n<td class=\"attrib\" headers=\"header1\">effektiver Lichtstrom<\/td>\n<td headers=\"header1\">960 lm<\/td>\n<\/tr>\n<tr>\n<td class=\"attrib\" headers=\"header1\">Gl\u00fchdrahtpr\u00fcfung nach IEC 60695-2-10<\/td>\n<td headers=\"header1\">600 \u00b0C &#8211; 30 sec.<\/td>\n<\/tr>\n<tr>\n<td class=\"attrib\" headers=\"header1\">Systemleistung<\/td>\n<td headers=\"header1\">10.5 W<\/td>\n<\/tr>\n<tr>\n<td class=\"attrib\" headers=\"header1\">Verstellbarkeit<\/td>\n<td headers=\"header1\">schwenkbar<\/td>\n<\/tr>\n<tr>\n<td class=\"attrib\" headers=\"header1\">geeignet f\u00fcr Deckenbefestigung<\/td>\n<td headers=\"header1\">ja<\/td>\n<\/tr>\n<tr>\n<td class=\"attrib\" headers=\"header1\">Leuchtmittel<\/td>\n<td headers=\"header1\">LED nicht austauschbar<\/td>\n<\/tr>\n<tr>\n<td class=\"attrib\" headers=\"header1\">Fassung<\/td>\n<td headers=\"header1\">ohne<\/td>\n<\/tr>\n<tr>\n<td class=\"attrib\" headers=\"header1\">geeignet f\u00fcr Leuchtmittelanzahl<\/td>\n<td headers=\"header1\">1<\/td>\n<\/tr>\n<tr>\n<td class=\"attrib\" headers=\"header1\">Lampenleistung bei Multiwatt<\/td>\n<td headers=\"header1\">nicht zutreffend<\/td>\n<\/tr>\n<tr>\n<td class=\"attrib\" headers=\"header1\">Betriebsger\u00e4t<\/td>\n<td headers=\"header1\">LED-Betriebsger\u00e4t stromgesteuert<\/td>\n<\/tr>\n<tr>\n<td class=\"attrib\" headers=\"header1\">Betriebsger\u00e4t enthalten<\/td>\n<td headers=\"header1\">ja<\/td>\n<\/tr>\n<tr>\n<td class=\"attrib\" headers=\"header1\">Nennspannung<\/td>\n<td headers=\"header1\">220 &#8211; 240 V<\/td>\n<\/tr>\n<tr>\n<td class=\"attrib\" headers=\"header1\">Werkstoff des Geh\u00e4uses<\/td>\n<td headers=\"header1\">Aluminium<\/td>\n<\/tr>\n<tr>\n<td class=\"attrib\" headers=\"header1\">Ausf\u00fchrung der Oberfl\u00e4che<\/td>\n<td headers=\"header1\">gl\u00e4nzend<\/td>\n<\/tr>\n<tr>\n<td class=\"attrib\" headers=\"header1\">Geh\u00e4usefarbe<\/td>\n<td headers=\"header1\">Nickel<\/td>\n<\/tr>\n<tr>\n<td class=\"attrib\" headers=\"header1\">Werkstoff der Abdeckung<\/td>\n<td headers=\"header1\">Glas transparent<\/td>\n<\/tr>\n<tr>\n<td class=\"attrib\" headers=\"header1\">Bildschirmarbeitsplatztauglich<\/td>\n<td headers=\"header1\">ja<\/td>\n<\/tr>\n<tr>\n<td class=\"attrib\" headers=\"header1\">Ausf\u00fchrung des Rasters<\/td>\n<td headers=\"header1\">ohne<\/td>\n<\/tr>\n<tr>\n<td class=\"attrib\" headers=\"header1\">Reflektor<\/td>\n<td headers=\"header1\">hochgl\u00e4nzend<\/td>\n<\/tr>\n<tr>\n<td class=\"attrib\" headers=\"header1\">Lichtverteilung<\/td>\n<td headers=\"header1\">symmetrisch<\/td>\n<\/tr>\n<tr>\n<td class=\"attrib\" headers=\"header1\">Lichtaustritt<\/td>\n<td headers=\"header1\">direkt<\/td>\n<\/tr>\n<tr>\n<td class=\"attrib\" headers=\"header1\">Aussendurchmesser<\/td>\n<td headers=\"header1\">86 mm<\/td>\n<\/tr>\n<tr>\n<td class=\"attrib\" headers=\"header1\">Einbautiefe<\/td>\n<td headers=\"header1\">75 mm<\/td>\n<\/tr>\n<tr>\n<td class=\"attrib\" headers=\"header1\">Einbaudurchmesser<\/td>\n<td headers=\"header1\">68 mm<\/td>\n<\/tr>\n<tr>\n<td class=\"attrib\" headers=\"header1\">Schutzklasse<\/td>\n<td headers=\"header1\">II<\/td>\n<\/tr>\n<tr>\n<td class=\"attrib\" headers=\"header1\">Schutzart (IP)<\/td>\n<td headers=\"header1\">sonstige<\/td>\n<\/tr>\n<tr>\n<td class=\"attrib\" headers=\"header1\">Brandschutz &#171;D&#187;<\/td>\n<td headers=\"header1\">nein<\/td>\n<\/tr>\n<tr>\n<td class=\"attrib\" headers=\"header1\">Einbau in isolierte Decken, Brandschutz &#171;F mit Dach&#187;<\/td>\n<td headers=\"header1\">nein<\/td>\n<\/tr>\n<tr>\n<td class=\"attrib\" headers=\"header1\">mit Leuchtmittel<\/td>\n<td headers=\"header1\">ja<\/td>\n<\/tr>\n<\/tbody>\n<\/table>\n","protected":false},"excerpt":{"rendered":"<p>Die bew\u00e4hrten Move LED Spots \u00fcberzeugen durch \u00fcberragende Leistungsdaten, welche in diesem Segment einzigartig sind. Netzseitig sind 3-polige Hebelklemmen konfektioniert, welche die Anschlusszeit klar reduzieren \u2013 plug&amp;play in Perfektion. Stufenlos und flackerfrei dimmbar mit Phasenabschnitt oder LED-Dimmern.<\/p>\n","protected":false},"featured_media":1114,"comment_status":"closed","ping_status":"closed","template":"","meta":[],"product_brand":[],"product_cat":[11],"product_tag":[],"class_list":{"0":"post-1113","1":"product","2":"type-product","3":"status-publish","4":"has-post-thumbnail","6":"product_cat-led-spot-lampen","8":"first","9":"instock","10":"taxable","11":"shipping-taxable","12":"purchasable","13":"product-type-simple"},"yoast_head":"<!-- This site is optimized with the Yoast SEO plugin v24.6 - https:\/\/yoast.com\/wordpress\/plugins\/seo\/ -->\n<title>Spot LED nickel move dimmbar 3000K 10.5W 230V 38\u00b0 - Arbeiter-Shop<\/title>\n<meta name=\"robots\" content=\"index, follow, max-snippet:-1, max-image-preview:large, max-video-preview:-1\" \/>\n<link rel=\"canonical\" href=\"https:\/\/www.arbeiter-shop.ch\/wp\/?product=spot-led-nickel-move-dimmbar-3000k-10-5w-230v-38\" \/>\n<meta property=\"og:locale\" content=\"de_DE\" \/>\n<meta property=\"og:type\" content=\"article\" \/>\n<meta property=\"og:title\" content=\"Spot LED nickel move dimmbar 3000K 10.5W 230V 38\u00b0 - Arbeiter-Shop\" \/>\n<meta property=\"og:description\" content=\"Die bew\u00e4hrten Move LED Spots \u00fcberzeugen durch \u00fcberragende Leistungsdaten, welche in diesem Segment einzigartig sind. Netzseitig sind 3-polige Hebelklemmen konfektioniert, welche die Anschlusszeit klar reduzieren \u2013 plug&amp;play in Perfektion. Stufenlos und flackerfrei dimmbar mit Phasenabschnitt oder LED-Dimmern.\" \/>\n<meta property=\"og:url\" content=\"https:\/\/www.arbeiter-shop.ch\/wp\/?product=spot-led-nickel-move-dimmbar-3000k-10-5w-230v-38\" \/>\n<meta property=\"og:site_name\" content=\"Arbeiter-Shop\" \/>\n<meta property=\"article:modified_time\" content=\"2018-10-17T09:19:25+00:00\" \/>\n<meta property=\"og:image\" content=\"https:\/\/www.arbeiter-shop.ch\/wp\/wp-content\/uploads\/DEV-WEB-0394-134165.jpg\" \/>\n\t<meta property=\"og:image:width\" content=\"515\" \/>\n\t<meta property=\"og:image:height\" content=\"295\" \/>\n\t<meta property=\"og:image:type\" content=\"image\/jpeg\" \/>\n<meta name=\"twitter:card\" content=\"summary_large_image\" \/>\n<meta name=\"twitter:label1\" content=\"Gesch\u00e4tzte Lesezeit\" \/>\n\t<meta name=\"twitter:data1\" content=\"1 Minute\" \/>\n<script type=\"application\/ld+json\" class=\"yoast-schema-graph\">{\"@context\":\"https:\/\/schema.org\",\"@graph\":[{\"@type\":\"WebPage\",\"@id\":\"https:\/\/www.arbeiter-shop.ch\/wp\/?product=spot-led-nickel-move-dimmbar-3000k-10-5w-230v-38\",\"url\":\"https:\/\/www.arbeiter-shop.ch\/wp\/?product=spot-led-nickel-move-dimmbar-3000k-10-5w-230v-38\",\"name\":\"Spot LED nickel move dimmbar 3000K 10.5W 230V 38\u00b0 - Arbeiter-Shop\",\"isPartOf\":{\"@id\":\"https:\/\/www.arbeiter-shop.ch\/wp\/#website\"},\"primaryImageOfPage\":{\"@id\":\"https:\/\/www.arbeiter-shop.ch\/wp\/?product=spot-led-nickel-move-dimmbar-3000k-10-5w-230v-38#primaryimage\"},\"image\":{\"@id\":\"https:\/\/www.arbeiter-shop.ch\/wp\/?product=spot-led-nickel-move-dimmbar-3000k-10-5w-230v-38#primaryimage\"},\"thumbnailUrl\":\"https:\/\/www.arbeiter-shop.ch\/wp\/wp-content\/uploads\/DEV-WEB-0394-134165.jpg\",\"datePublished\":\"2018-10-16T09:57:45+00:00\",\"dateModified\":\"2018-10-17T09:19:25+00:00\",\"breadcrumb\":{\"@id\":\"https:\/\/www.arbeiter-shop.ch\/wp\/?product=spot-led-nickel-move-dimmbar-3000k-10-5w-230v-38#breadcrumb\"},\"inLanguage\":\"de-CH\",\"potentialAction\":[{\"@type\":\"ReadAction\",\"target\":[\"https:\/\/www.arbeiter-shop.ch\/wp\/?product=spot-led-nickel-move-dimmbar-3000k-10-5w-230v-38\"]}]},{\"@type\":\"ImageObject\",\"inLanguage\":\"de-CH\",\"@id\":\"https:\/\/www.arbeiter-shop.ch\/wp\/?product=spot-led-nickel-move-dimmbar-3000k-10-5w-230v-38#primaryimage\",\"url\":\"https:\/\/www.arbeiter-shop.ch\/wp\/wp-content\/uploads\/DEV-WEB-0394-134165.jpg\",\"contentUrl\":\"https:\/\/www.arbeiter-shop.ch\/wp\/wp-content\/uploads\/DEV-WEB-0394-134165.jpg\",\"width\":515,\"height\":295},{\"@type\":\"BreadcrumbList\",\"@id\":\"https:\/\/www.arbeiter-shop.ch\/wp\/?product=spot-led-nickel-move-dimmbar-3000k-10-5w-230v-38#breadcrumb\",\"itemListElement\":[{\"@type\":\"ListItem\",\"position\":1,\"name\":\"Home\",\"item\":\"https:\/\/www.arbeiter-shop.ch\/wp\/\"},{\"@type\":\"ListItem\",\"position\":2,\"name\":\"Arbeiter-Shop\",\"item\":\"https:\/\/www.arbeiter-shop.ch\/wp\/?page_id=4\"},{\"@type\":\"ListItem\",\"position\":3,\"name\":\"Spot LED nickel move dimmbar 3000K 10.5W 230V 38\u00b0\"}]},{\"@type\":\"WebSite\",\"@id\":\"https:\/\/www.arbeiter-shop.ch\/wp\/#website\",\"url\":\"https:\/\/www.arbeiter-shop.ch\/wp\/\",\"name\":\"Arbeiter-Shop\",\"description\":\"innovative technik f\u00fcr ihr zuhause\",\"publisher\":{\"@id\":\"https:\/\/www.arbeiter-shop.ch\/wp\/#organization\"},\"potentialAction\":[{\"@type\":\"SearchAction\",\"target\":{\"@type\":\"EntryPoint\",\"urlTemplate\":\"https:\/\/www.arbeiter-shop.ch\/wp\/?s={search_term_string}\"},\"query-input\":{\"@type\":\"PropertyValueSpecification\",\"valueRequired\":true,\"valueName\":\"search_term_string\"}}],\"inLanguage\":\"de-CH\"},{\"@type\":\"Organization\",\"@id\":\"https:\/\/www.arbeiter-shop.ch\/wp\/#organization\",\"name\":\"Arbeiter-Shop\",\"url\":\"https:\/\/www.arbeiter-shop.ch\/wp\/\",\"logo\":{\"@type\":\"ImageObject\",\"inLanguage\":\"de-CH\",\"@id\":\"https:\/\/www.arbeiter-shop.ch\/wp\/#\/schema\/logo\/image\/\",\"url\":\"https:\/\/www.arbeiter-shop.ch\/wp\/wp-content\/uploads\/cropped-arbeiter-shop-4f-ohne.png\",\"contentUrl\":\"https:\/\/www.arbeiter-shop.ch\/wp\/wp-content\/uploads\/cropped-arbeiter-shop-4f-ohne.png\",\"width\":567,\"height\":179,\"caption\":\"Arbeiter-Shop\"},\"image\":{\"@id\":\"https:\/\/www.arbeiter-shop.ch\/wp\/#\/schema\/logo\/image\/\"}}]}<\/script>\n<!-- \/ Yoast SEO plugin. -->","yoast_head_json":{"title":"Spot LED nickel move dimmbar 3000K 10.5W 230V 38\u00b0 - Arbeiter-Shop","robots":{"index":"index","follow":"follow","max-snippet":"max-snippet:-1","max-image-preview":"max-image-preview:large","max-video-preview":"max-video-preview:-1"},"canonical":"https:\/\/www.arbeiter-shop.ch\/wp\/?product=spot-led-nickel-move-dimmbar-3000k-10-5w-230v-38","og_locale":"de_DE","og_type":"article","og_title":"Spot LED nickel move dimmbar 3000K 10.5W 230V 38\u00b0 - Arbeiter-Shop","og_description":"Die bew\u00e4hrten Move LED Spots \u00fcberzeugen durch \u00fcberragende Leistungsdaten, welche in diesem Segment einzigartig sind. Netzseitig sind 3-polige Hebelklemmen konfektioniert, welche die Anschlusszeit klar reduzieren \u2013 plug&amp;play in Perfektion. Stufenlos und flackerfrei dimmbar mit Phasenabschnitt oder LED-Dimmern.","og_url":"https:\/\/www.arbeiter-shop.ch\/wp\/?product=spot-led-nickel-move-dimmbar-3000k-10-5w-230v-38","og_site_name":"Arbeiter-Shop","article_modified_time":"2018-10-17T09:19:25+00:00","og_image":[{"width":515,"height":295,"url":"https:\/\/www.arbeiter-shop.ch\/wp\/wp-content\/uploads\/DEV-WEB-0394-134165.jpg","type":"image\/jpeg"}],"twitter_card":"summary_large_image","twitter_misc":{"Gesch\u00e4tzte Lesezeit":"1 Minute"},"schema":{"@context":"https:\/\/schema.org","@graph":[{"@type":"WebPage","@id":"https:\/\/www.arbeiter-shop.ch\/wp\/?product=spot-led-nickel-move-dimmbar-3000k-10-5w-230v-38","url":"https:\/\/www.arbeiter-shop.ch\/wp\/?product=spot-led-nickel-move-dimmbar-3000k-10-5w-230v-38","name":"Spot LED nickel move dimmbar 3000K 10.5W 230V 38\u00b0 - Arbeiter-Shop","isPartOf":{"@id":"https:\/\/www.arbeiter-shop.ch\/wp\/#website"},"primaryImageOfPage":{"@id":"https:\/\/www.arbeiter-shop.ch\/wp\/?product=spot-led-nickel-move-dimmbar-3000k-10-5w-230v-38#primaryimage"},"image":{"@id":"https:\/\/www.arbeiter-shop.ch\/wp\/?product=spot-led-nickel-move-dimmbar-3000k-10-5w-230v-38#primaryimage"},"thumbnailUrl":"https:\/\/www.arbeiter-shop.ch\/wp\/wp-content\/uploads\/DEV-WEB-0394-134165.jpg","datePublished":"2018-10-16T09:57:45+00:00","dateModified":"2018-10-17T09:19:25+00:00","breadcrumb":{"@id":"https:\/\/www.arbeiter-shop.ch\/wp\/?product=spot-led-nickel-move-dimmbar-3000k-10-5w-230v-38#breadcrumb"},"inLanguage":"de-CH","potentialAction":[{"@type":"ReadAction","target":["https:\/\/www.arbeiter-shop.ch\/wp\/?product=spot-led-nickel-move-dimmbar-3000k-10-5w-230v-38"]}]},{"@type":"ImageObject","inLanguage":"de-CH","@id":"https:\/\/www.arbeiter-shop.ch\/wp\/?product=spot-led-nickel-move-dimmbar-3000k-10-5w-230v-38#primaryimage","url":"https:\/\/www.arbeiter-shop.ch\/wp\/wp-content\/uploads\/DEV-WEB-0394-134165.jpg","contentUrl":"https:\/\/www.arbeiter-shop.ch\/wp\/wp-content\/uploads\/DEV-WEB-0394-134165.jpg","width":515,"height":295},{"@type":"BreadcrumbList","@id":"https:\/\/www.arbeiter-shop.ch\/wp\/?product=spot-led-nickel-move-dimmbar-3000k-10-5w-230v-38#breadcrumb","itemListElement":[{"@type":"ListItem","position":1,"name":"Home","item":"https:\/\/www.arbeiter-shop.ch\/wp\/"},{"@type":"ListItem","position":2,"name":"Arbeiter-Shop","item":"https:\/\/www.arbeiter-shop.ch\/wp\/?page_id=4"},{"@type":"ListItem","position":3,"name":"Spot LED nickel move dimmbar 3000K 10.5W 230V 38\u00b0"}]},{"@type":"WebSite","@id":"https:\/\/www.arbeiter-shop.ch\/wp\/#website","url":"https:\/\/www.arbeiter-shop.ch\/wp\/","name":"Arbeiter-Shop","description":"innovative technik f\u00fcr ihr zuhause","publisher":{"@id":"https:\/\/www.arbeiter-shop.ch\/wp\/#organization"},"potentialAction":[{"@type":"SearchAction","target":{"@type":"EntryPoint","urlTemplate":"https:\/\/www.arbeiter-shop.ch\/wp\/?s={search_term_string}"},"query-input":{"@type":"PropertyValueSpecification","valueRequired":true,"valueName":"search_term_string"}}],"inLanguage":"de-CH"},{"@type":"Organization","@id":"https:\/\/www.arbeiter-shop.ch\/wp\/#organization","name":"Arbeiter-Shop","url":"https:\/\/www.arbeiter-shop.ch\/wp\/","logo":{"@type":"ImageObject","inLanguage":"de-CH","@id":"https:\/\/www.arbeiter-shop.ch\/wp\/#\/schema\/logo\/image\/","url":"https:\/\/www.arbeiter-shop.ch\/wp\/wp-content\/uploads\/cropped-arbeiter-shop-4f-ohne.png","contentUrl":"https:\/\/www.arbeiter-shop.ch\/wp\/wp-content\/uploads\/cropped-arbeiter-shop-4f-ohne.png","width":567,"height":179,"caption":"Arbeiter-Shop"},"image":{"@id":"https:\/\/www.arbeiter-shop.ch\/wp\/#\/schema\/logo\/image\/"}}]}},"_links":{"self":[{"href":"https:\/\/www.arbeiter-shop.ch\/wp\/index.php?rest_route=\/wp\/v2\/product\/1113","targetHints":{"allow":["GET"]}}],"collection":[{"href":"https:\/\/www.arbeiter-shop.ch\/wp\/index.php?rest_route=\/wp\/v2\/product"}],"about":[{"href":"https:\/\/www.arbeiter-shop.ch\/wp\/index.php?rest_route=\/wp\/v2\/types\/product"}],"replies":[{"embeddable":true,"href":"https:\/\/www.arbeiter-shop.ch\/wp\/index.php?rest_route=%2Fwp%2Fv2%2Fcomments&post=1113"}],"wp:featuredmedia":[{"embeddable":true,"href":"https:\/\/www.arbeiter-shop.ch\/wp\/index.php?rest_route=\/wp\/v2\/media\/1114"}],"wp:attachment":[{"href":"https:\/\/www.arbeiter-shop.ch\/wp\/index.php?rest_route=%2Fwp%2Fv2%2Fmedia&parent=1113"}],"wp:term":[{"taxonomy":"product_brand","embeddable":true,"href":"https:\/\/www.arbeiter-shop.ch\/wp\/index.php?rest_route=%2Fwp%2Fv2%2Fproduct_brand&post=1113"},{"taxonomy":"product_cat","embeddable":true,"href":"https:\/\/www.arbeiter-shop.ch\/wp\/index.php?rest_route=%2Fwp%2Fv2%2Fproduct_cat&post=1113"},{"taxonomy":"product_tag","embeddable":true,"href":"https:\/\/www.arbeiter-shop.ch\/wp\/index.php?rest_route=%2Fwp%2Fv2%2Fproduct_tag&post=1113"}],"curies":[{"name":"wp","href":"https:\/\/api.w.org\/{rel}","templated":true}]}}