{"id":628,"date":"2018-07-17T09:31:12","date_gmt":"2018-07-17T07:31:12","guid":{"rendered":"http:\/\/test.homeinnovations.ch\/wp\/?page_id=628"},"modified":"2018-10-08T12:41:30","modified_gmt":"2018-10-08T10:41:30","slug":"impressum","status":"publish","type":"page","link":"https:\/\/www.arbeiter-shop.ch\/wp\/?page_id=628","title":{"rendered":"Impressum"},"content":{"rendered":"<div class=\"text-container space-top\">\n<div class=\"container clearfix\">\n<div class=\"row\">\n<div class=\"col-sm-10 col-sm-offset-1\">\n<div class=\"cms-compontent-wrapper\">\n<div class=\"content\">\n<h3>Impressum<\/h3>\n<p><strong>Firmeninformationen Hauptsitz<\/strong><\/p>\n<p>Homeinnovations GmbH<br \/>\nFeldstrasse 7<br \/>\nCH-6252 Dagmersellen<br \/>\nTelefon: \u00a0\u00a0 +41 79 193 11 71<br \/>\nE-Mail: \u00a0 \u00a0\u00a0 info@homeinnovations.ch<br \/>\nWebseite: www.homeinnovations.ch<\/p>\n<p><strong>Bankverbindung<\/strong><\/p>\n<p>UBS Switzerland AG<br \/>\nCH-8098 Z\u00fcrich<br \/>\nIBAN: CH65 0023 1231 1016 3301 U<br \/>\nKonto: 80-2-2<br \/>\nBIC: UBSWZHZH80A<\/p>\n<p><strong>Rechtliche Angaben<\/strong><\/p>\n<p>UID-Nr: CH-100.4.792.564-3<br \/>\nCH-ID-Nr: CH10047925643<br \/>\nMwSt-Nr: CHE-171.574.746<\/p>\n<p><strong>Haftungsausschluss<\/strong><\/p>\n<p>Homeinnovations GmbH \u00fcbernimmt keinerlei Gew\u00e4hr hinsichtlich der Richtigkeit, Genauigkeit, Aktualit\u00e4t, Zuverl\u00e4ssigkeit und Vollst\u00e4ndigkeit der Inhalte auf dieser Webseite. Alle Angebote sind unverbindlich. Homeinnovations GmbH beh\u00e4lt es sich ausdr\u00fccklich vor, Teile der Seiten oder das gesamte Angebot ohne gesonderte Ank\u00fcndigung zu ver\u00e4ndern, zu erg\u00e4nzen, zu l\u00f6schen oder die Ver\u00f6ffentlichung zeitweise oder endg\u00fcltig einzustellen.<br \/>\nVerweise und Links auf Webseiten Dritter liegen ausserhalb unseres Verantwortungsbereichs. Homeinnovations GmbH lehnt jegliche Verantwortung f\u00fcr solche Webseiten ab. F\u00fcr die Inhalte der verlinkten Seiten ist der jeweilige Anbieter oder Betreiber der Webseite verantwortlich. Der Zugriff und die Nutzung solcher Webseiten erfolgen auf eigene Gefahr des Nutzers oder der Nutzerin.<\/p>\n<p><strong>Geistiges Eigentum<\/strong><\/p>\n<p>S\u00e4mtliche Inhalte dieser Webseite (textlich, akustisch, graphisch etc.), einschliesslich und nicht abschliessend Kopfzeilen, Bilder, Illustrationen, Grafiken, Tondokumente, Videosequenzen und Texte der gezeigten Marken sind geistiges Eigentum von Homeinnovations GmbH oder werden mit Zustimmung der jeweiligen Inhaber auf dieser Webseite abgebildet. Es ist verboten, Inhalte teilweise oder vollst\u00e4ndig zu kopieren, herunterzuladen, zu reproduzieren, zu ver\u00e4ndern, unter eigenem Namen zu ver\u00f6ffentlichen, zu verbreiten, zu \u00fcbermitteln, zu \u00fcbertragen, ohne dass vorg\u00e4ngig die schriftliche Genehmigung von Homeinnovations GmbH eingeholt worden ist.<\/p>\n<\/div>\n<\/div>\n<\/div>\n<\/div>\n<\/div>\n<\/div>\n","protected":false},"excerpt":{"rendered":"<p>Impressum Firmeninformationen Hauptsitz Homeinnovations GmbH Feldstrasse 7 CH-6252 Dagmersellen Telefon: \u00a0\u00a0 +41 79 193 11 71 E-Mail: \u00a0 \u00a0\u00a0 info@homeinnovations.ch Webseite: www.homeinnovations.ch Bankverbindung UBS Switzerland AG CH-8098 Z\u00fcrich IBAN: CH65 0023 1231 1016 3301 U Konto: 80-2-2 BIC: UBSWZHZH80A Rechtliche Angaben UID-Nr: CH-100.4.792.564-3 CH-ID-Nr: CH10047925643 MwSt-Nr: CHE-171.574.746 Haftungsausschluss Homeinnovations GmbH \u00fcbernimmt keinerlei Gew\u00e4hr hinsichtlich der [&hellip;]<\/p>\n","protected":false},"author":1,"featured_media":0,"parent":0,"menu_order":0,"comment_status":"closed","ping_status":"closed","template":"","meta":{"footnotes":""},"class_list":["post-628","page","type-page","status-publish","hentry"],"yoast_head":"<!-- This site is optimized with the Yoast SEO plugin v24.6 - https:\/\/yoast.com\/wordpress\/plugins\/seo\/ -->\n<title>Impressum - Arbeiter-Shop<\/title>\n<meta name=\"robots\" content=\"index, follow, max-snippet:-1, max-image-preview:large, max-video-preview:-1\" \/>\n<link rel=\"canonical\" href=\"https:\/\/www.arbeiter-shop.ch\/wp\/?page_id=628\" \/>\n<meta property=\"og:locale\" content=\"de_DE\" \/>\n<meta property=\"og:type\" content=\"article\" \/>\n<meta property=\"og:title\" content=\"Impressum - Arbeiter-Shop\" \/>\n<meta property=\"og:description\" content=\"Impressum Firmeninformationen Hauptsitz Homeinnovations GmbH Feldstrasse 7 CH-6252 Dagmersellen Telefon: \u00a0\u00a0 +41 79 193 11 71 E-Mail: \u00a0 \u00a0\u00a0 info@homeinnovations.ch Webseite: www.homeinnovations.ch Bankverbindung UBS Switzerland AG CH-8098 Z\u00fcrich IBAN: CH65 0023 1231 1016 3301 U Konto: 80-2-2 BIC: UBSWZHZH80A Rechtliche Angaben UID-Nr: CH-100.4.792.564-3 CH-ID-Nr: CH10047925643 MwSt-Nr: CHE-171.574.746 Haftungsausschluss Homeinnovations GmbH \u00fcbernimmt keinerlei Gew\u00e4hr hinsichtlich der [&hellip;]\" \/>\n<meta property=\"og:url\" content=\"https:\/\/www.arbeiter-shop.ch\/wp\/?page_id=628\" \/>\n<meta property=\"og:site_name\" content=\"Arbeiter-Shop\" \/>\n<meta property=\"article:modified_time\" content=\"2018-10-08T10:41:30+00:00\" \/>\n<meta name=\"twitter:card\" content=\"summary_large_image\" \/>\n<meta name=\"twitter:label1\" content=\"Gesch\u00e4tzte Lesezeit\" \/>\n\t<meta name=\"twitter:data1\" content=\"1 Minute\" \/>\n<script type=\"application\/ld+json\" class=\"yoast-schema-graph\">{\"@context\":\"https:\/\/schema.org\",\"@graph\":[{\"@type\":\"WebPage\",\"@id\":\"https:\/\/www.arbeiter-shop.ch\/wp\/?page_id=628\",\"url\":\"https:\/\/www.arbeiter-shop.ch\/wp\/?page_id=628\",\"name\":\"Impressum - Arbeiter-Shop\",\"isPartOf\":{\"@id\":\"https:\/\/www.arbeiter-shop.ch\/wp\/#website\"},\"datePublished\":\"2018-07-17T07:31:12+00:00\",\"dateModified\":\"2018-10-08T10:41:30+00:00\",\"breadcrumb\":{\"@id\":\"https:\/\/www.arbeiter-shop.ch\/wp\/?page_id=628#breadcrumb\"},\"inLanguage\":\"de-CH\",\"potentialAction\":[{\"@type\":\"ReadAction\",\"target\":[\"https:\/\/www.arbeiter-shop.ch\/wp\/?page_id=628\"]}]},{\"@type\":\"BreadcrumbList\",\"@id\":\"https:\/\/www.arbeiter-shop.ch\/wp\/?page_id=628#breadcrumb\",\"itemListElement\":[{\"@type\":\"ListItem\",\"position\":1,\"name\":\"Home\",\"item\":\"https:\/\/www.arbeiter-shop.ch\/wp\/\"},{\"@type\":\"ListItem\",\"position\":2,\"name\":\"Impressum\"}]},{\"@type\":\"WebSite\",\"@id\":\"https:\/\/www.arbeiter-shop.ch\/wp\/#website\",\"url\":\"https:\/\/www.arbeiter-shop.ch\/wp\/\",\"name\":\"Arbeiter-Shop\",\"description\":\"innovative technik f\u00fcr ihr zuhause\",\"publisher\":{\"@id\":\"https:\/\/www.arbeiter-shop.ch\/wp\/#organization\"},\"potentialAction\":[{\"@type\":\"SearchAction\",\"target\":{\"@type\":\"EntryPoint\",\"urlTemplate\":\"https:\/\/www.arbeiter-shop.ch\/wp\/?s={search_term_string}\"},\"query-input\":{\"@type\":\"PropertyValueSpecification\",\"valueRequired\":true,\"valueName\":\"search_term_string\"}}],\"inLanguage\":\"de-CH\"},{\"@type\":\"Organization\",\"@id\":\"https:\/\/www.arbeiter-shop.ch\/wp\/#organization\",\"name\":\"Arbeiter-Shop\",\"url\":\"https:\/\/www.arbeiter-shop.ch\/wp\/\",\"logo\":{\"@type\":\"ImageObject\",\"inLanguage\":\"de-CH\",\"@id\":\"https:\/\/www.arbeiter-shop.ch\/wp\/#\/schema\/logo\/image\/\",\"url\":\"https:\/\/www.arbeiter-shop.ch\/wp\/wp-content\/uploads\/cropped-arbeiter-shop-4f-ohne.png\",\"contentUrl\":\"https:\/\/www.arbeiter-shop.ch\/wp\/wp-content\/uploads\/cropped-arbeiter-shop-4f-ohne.png\",\"width\":567,\"height\":179,\"caption\":\"Arbeiter-Shop\"},\"image\":{\"@id\":\"https:\/\/www.arbeiter-shop.ch\/wp\/#\/schema\/logo\/image\/\"}}]}<\/script>\n<!-- \/ Yoast SEO plugin. -->","yoast_head_json":{"title":"Impressum - Arbeiter-Shop","robots":{"index":"index","follow":"follow","max-snippet":"max-snippet:-1","max-image-preview":"max-image-preview:large","max-video-preview":"max-video-preview:-1"},"canonical":"https:\/\/www.arbeiter-shop.ch\/wp\/?page_id=628","og_locale":"de_DE","og_type":"article","og_title":"Impressum - Arbeiter-Shop","og_description":"Impressum Firmeninformationen Hauptsitz Homeinnovations GmbH Feldstrasse 7 CH-6252 Dagmersellen Telefon: \u00a0\u00a0 +41 79 193 11 71 E-Mail: \u00a0 \u00a0\u00a0 info@homeinnovations.ch Webseite: www.homeinnovations.ch Bankverbindung UBS Switzerland AG CH-8098 Z\u00fcrich IBAN: CH65 0023 1231 1016 3301 U Konto: 80-2-2 BIC: UBSWZHZH80A Rechtliche Angaben UID-Nr: CH-100.4.792.564-3 CH-ID-Nr: CH10047925643 MwSt-Nr: CHE-171.574.746 Haftungsausschluss Homeinnovations GmbH \u00fcbernimmt keinerlei Gew\u00e4hr hinsichtlich der [&hellip;]","og_url":"https:\/\/www.arbeiter-shop.ch\/wp\/?page_id=628","og_site_name":"Arbeiter-Shop","article_modified_time":"2018-10-08T10:41:30+00:00","twitter_card":"summary_large_image","twitter_misc":{"Gesch\u00e4tzte Lesezeit":"1 Minute"},"schema":{"@context":"https:\/\/schema.org","@graph":[{"@type":"WebPage","@id":"https:\/\/www.arbeiter-shop.ch\/wp\/?page_id=628","url":"https:\/\/www.arbeiter-shop.ch\/wp\/?page_id=628","name":"Impressum - Arbeiter-Shop","isPartOf":{"@id":"https:\/\/www.arbeiter-shop.ch\/wp\/#website"},"datePublished":"2018-07-17T07:31:12+00:00","dateModified":"2018-10-08T10:41:30+00:00","breadcrumb":{"@id":"https:\/\/www.arbeiter-shop.ch\/wp\/?page_id=628#breadcrumb"},"inLanguage":"de-CH","potentialAction":[{"@type":"ReadAction","target":["https:\/\/www.arbeiter-shop.ch\/wp\/?page_id=628"]}]},{"@type":"BreadcrumbList","@id":"https:\/\/www.arbeiter-shop.ch\/wp\/?page_id=628#breadcrumb","itemListElement":[{"@type":"ListItem","position":1,"name":"Home","item":"https:\/\/www.arbeiter-shop.ch\/wp\/"},{"@type":"ListItem","position":2,"name":"Impressum"}]},{"@type":"WebSite","@id":"https:\/\/www.arbeiter-shop.ch\/wp\/#website","url":"https:\/\/www.arbeiter-shop.ch\/wp\/","name":"Arbeiter-Shop","description":"innovative technik f\u00fcr ihr zuhause","publisher":{"@id":"https:\/\/www.arbeiter-shop.ch\/wp\/#organization"},"potentialAction":[{"@type":"SearchAction","target":{"@type":"EntryPoint","urlTemplate":"https:\/\/www.arbeiter-shop.ch\/wp\/?s={search_term_string}"},"query-input":{"@type":"PropertyValueSpecification","valueRequired":true,"valueName":"search_term_string"}}],"inLanguage":"de-CH"},{"@type":"Organization","@id":"https:\/\/www.arbeiter-shop.ch\/wp\/#organization","name":"Arbeiter-Shop","url":"https:\/\/www.arbeiter-shop.ch\/wp\/","logo":{"@type":"ImageObject","inLanguage":"de-CH","@id":"https:\/\/www.arbeiter-shop.ch\/wp\/#\/schema\/logo\/image\/","url":"https:\/\/www.arbeiter-shop.ch\/wp\/wp-content\/uploads\/cropped-arbeiter-shop-4f-ohne.png","contentUrl":"https:\/\/www.arbeiter-shop.ch\/wp\/wp-content\/uploads\/cropped-arbeiter-shop-4f-ohne.png","width":567,"height":179,"caption":"Arbeiter-Shop"},"image":{"@id":"https:\/\/www.arbeiter-shop.ch\/wp\/#\/schema\/logo\/image\/"}}]}},"_links":{"self":[{"href":"https:\/\/www.arbeiter-shop.ch\/wp\/index.php?rest_route=\/wp\/v2\/pages\/628","targetHints":{"allow":["GET"]}}],"collection":[{"href":"https:\/\/www.arbeiter-shop.ch\/wp\/index.php?rest_route=\/wp\/v2\/pages"}],"about":[{"href":"https:\/\/www.arbeiter-shop.ch\/wp\/index.php?rest_route=\/wp\/v2\/types\/page"}],"author":[{"embeddable":true,"href":"https:\/\/www.arbeiter-shop.ch\/wp\/index.php?rest_route=\/wp\/v2\/users\/1"}],"replies":[{"embeddable":true,"href":"https:\/\/www.arbeiter-shop.ch\/wp\/index.php?rest_route=%2Fwp%2Fv2%2Fcomments&post=628"}],"version-history":[{"count":10,"href":"https:\/\/www.arbeiter-shop.ch\/wp\/index.php?rest_route=\/wp\/v2\/pages\/628\/revisions"}],"predecessor-version":[{"id":1085,"href":"https:\/\/www.arbeiter-shop.ch\/wp\/index.php?rest_route=\/wp\/v2\/pages\/628\/revisions\/1085"}],"wp:attachment":[{"href":"https:\/\/www.arbeiter-shop.ch\/wp\/index.php?rest_route=%2Fwp%2Fv2%2Fmedia&parent=628"}],"curies":[{"name":"wp","href":"https:\/\/api.w.org\/{rel}","templated":true}]}}