{"id":103,"date":"2017-03-27T02:28:23","date_gmt":"2017-03-27T00:28:23","guid":{"rendered":"http:\/\/test.homeinnovations.ch\/wp\/?page_id=103"},"modified":"2020-06-16T22:42:40","modified_gmt":"2020-06-16T20:42:40","slug":"startseite","status":"publish","type":"page","link":"https:\/\/www.arbeiter-shop.ch\/wp\/","title":{"rendered":"Startseite"},"content":{"rendered":"<h3><strong>Arbeiter-Shop f\u00fcr Firmen die umsetzen!<br \/>\n<\/strong><\/h3>\n<p>Der Arbeiter-Shop wurde von der Firma Homeinnovations GmbH erstellt, damit innovative Firmen und deren Mitarbeiter einfach und zuverl\u00e4ssig Material online bestellen k\u00f6nnen. Die Bestellungen werden direkt auf die Baustelle, Magazine oder Privat angeliefert. F\u00fcr unsere Kunden ist Erfolg dadurch definiert, wie gut wir unsere Herausforderung meistern.<\/p>\n<p><strong>\u201eWir sind der bevorzugte Partner f\u00fcr innovative Bau-Firmen und deren Mitarbeiter.\u201c<\/strong><\/p>\n<div class=\"woocommerce columns-4\"><ul class=\"products columns-4\">\n<li class=\"product-category product first\">\n\t<a aria-label=\"Produktkategorie Aktion besuchen\" href=\"https:\/\/www.arbeiter-shop.ch\/wp\/?product_cat=aktion\"><img decoding=\"async\" src=\"https:\/\/www.arbeiter-shop.ch\/wp\/wp-content\/uploads\/woocommerce-placeholder.png\" alt=\"Aktion\" width=\"324\" height=\"\" \/>\t\t<h2 class=\"woocommerce-loop-category__title\">\n\t\t\tAktion <mark class=\"count\">(1)<\/mark>\t\t<\/h2>\n\t\t<\/a><\/li>\n<li class=\"product-category product\">\n\t<a aria-label=\"Produktkategorie Atemschutzmaske FFP2 besuchen\" href=\"https:\/\/www.arbeiter-shop.ch\/wp\/?product_cat=atemschutzmaske-ffp2\"><img decoding=\"async\" src=\"https:\/\/www.arbeiter-shop.ch\/wp\/wp-content\/uploads\/Atemschutzmaske-3-324x324.jpg\" alt=\"Atemschutzmaske FFP2\" width=\"324\" height=\"\" srcset=\"https:\/\/www.arbeiter-shop.ch\/wp\/wp-content\/uploads\/Atemschutzmaske-3-324x324.jpg 324w, https:\/\/www.arbeiter-shop.ch\/wp\/wp-content\/uploads\/Atemschutzmaske-3-300x300.jpg 300w, https:\/\/www.arbeiter-shop.ch\/wp\/wp-content\/uploads\/Atemschutzmaske-3-150x150.jpg 150w, https:\/\/www.arbeiter-shop.ch\/wp\/wp-content\/uploads\/Atemschutzmaske-3-100x100.jpg 100w, https:\/\/www.arbeiter-shop.ch\/wp\/wp-content\/uploads\/Atemschutzmaske-3.jpg 366w\" sizes=\"(max-width: 324px) 100vw, 324px\" \/>\t\t<h2 class=\"woocommerce-loop-category__title\">\n\t\t\tAtemschutzmaske FFP2 <mark class=\"count\">(1)<\/mark>\t\t<\/h2>\n\t\t<\/a><\/li>\n<li class=\"product-category product\">\n\t<a aria-label=\"Produktkategorie LED Spot Lampen besuchen\" href=\"https:\/\/www.arbeiter-shop.ch\/wp\/?product_cat=led-spot-lampen\"><img decoding=\"async\" src=\"https:\/\/www.arbeiter-shop.ch\/wp\/wp-content\/uploads\/LED-Spot-324x324.jpg\" alt=\"LED Spot Lampen\" width=\"324\" height=\"\" srcset=\"https:\/\/www.arbeiter-shop.ch\/wp\/wp-content\/uploads\/LED-Spot-324x324.jpg 324w, https:\/\/www.arbeiter-shop.ch\/wp\/wp-content\/uploads\/LED-Spot-300x300.jpg 300w, https:\/\/www.arbeiter-shop.ch\/wp\/wp-content\/uploads\/LED-Spot-150x150.jpg 150w, https:\/\/www.arbeiter-shop.ch\/wp\/wp-content\/uploads\/LED-Spot-416x416.jpg 416w, https:\/\/www.arbeiter-shop.ch\/wp\/wp-content\/uploads\/LED-Spot-100x100.jpg 100w, https:\/\/www.arbeiter-shop.ch\/wp\/wp-content\/uploads\/LED-Spot.jpg 640w\" sizes=\"(max-width: 324px) 100vw, 324px\" \/>\t\t<h2 class=\"woocommerce-loop-category__title\">\n\t\t\tLED Spot Lampen <mark class=\"count\">(8)<\/mark>\t\t<\/h2>\n\t\t<\/a><\/li>\n<li class=\"product-category product last\">\n\t<a aria-label=\"Produktkategorie Trockenbau Baumaterial besuchen\" href=\"https:\/\/www.arbeiter-shop.ch\/wp\/?product_cat=trockenbau-baumaterial\"><img decoding=\"async\" src=\"https:\/\/www.arbeiter-shop.ch\/wp\/wp-content\/uploads\/woocommerce-placeholder.png\" alt=\"Trockenbau Baumaterial\" width=\"324\" height=\"\" \/>\t\t<h2 class=\"woocommerce-loop-category__title\">\n\t\t\tTrockenbau Baumaterial <mark class=\"count\">(6)<\/mark>\t\t<\/h2>\n\t\t<\/a><\/li>\n<li class=\"product-category product first\">\n\t<a aria-label=\"Produktkategorie Trockenbau Befestigungsmaterial besuchen\" href=\"https:\/\/www.arbeiter-shop.ch\/wp\/?product_cat=trockenbau-befestigungsmaterial\"><img decoding=\"async\" src=\"https:\/\/www.arbeiter-shop.ch\/wp\/wp-content\/uploads\/Steckwinkelsatz-f\u00fcr-UA-50-1-324x324.jpg\" alt=\"Trockenbau Befestigungsmaterial\" width=\"324\" height=\"\" srcset=\"https:\/\/www.arbeiter-shop.ch\/wp\/wp-content\/uploads\/Steckwinkelsatz-f\u00fcr-UA-50-1-324x324.jpg 324w, https:\/\/www.arbeiter-shop.ch\/wp\/wp-content\/uploads\/Steckwinkelsatz-f\u00fcr-UA-50-1-300x300.jpg 300w, https:\/\/www.arbeiter-shop.ch\/wp\/wp-content\/uploads\/Steckwinkelsatz-f\u00fcr-UA-50-1-150x150.jpg 150w, https:\/\/www.arbeiter-shop.ch\/wp\/wp-content\/uploads\/Steckwinkelsatz-f\u00fcr-UA-50-1-416x415.jpg 416w, https:\/\/www.arbeiter-shop.ch\/wp\/wp-content\/uploads\/Steckwinkelsatz-f\u00fcr-UA-50-1-100x100.jpg 100w, https:\/\/www.arbeiter-shop.ch\/wp\/wp-content\/uploads\/Steckwinkelsatz-f\u00fcr-UA-50-1.jpg 705w\" sizes=\"(max-width: 324px) 100vw, 324px\" \/>\t\t<h2 class=\"woocommerce-loop-category__title\">\n\t\t\tTrockenbau Befestigungsmaterial <mark class=\"count\">(5)<\/mark>\t\t<\/h2>\n\t\t<\/a><\/li>\n<li class=\"product-category product\">\n\t<a aria-label=\"Produktkategorie T\u00fcrholz gehobelt keilgezinkt besuchen\" href=\"https:\/\/www.arbeiter-shop.ch\/wp\/?product_cat=tuerholz-gehobelt-keilgezinkt\"><img decoding=\"async\" src=\"https:\/\/www.arbeiter-shop.ch\/wp\/wp-content\/uploads\/Holz-11-324x324.png\" alt=\"T\u00fcrholz gehobelt keilgezinkt\" width=\"324\" height=\"\" srcset=\"https:\/\/www.arbeiter-shop.ch\/wp\/wp-content\/uploads\/Holz-11-324x324.png 324w, https:\/\/www.arbeiter-shop.ch\/wp\/wp-content\/uploads\/Holz-11-300x300.png 300w, https:\/\/www.arbeiter-shop.ch\/wp\/wp-content\/uploads\/Holz-11-150x150.png 150w, https:\/\/www.arbeiter-shop.ch\/wp\/wp-content\/uploads\/Holz-11-416x416.png 416w, https:\/\/www.arbeiter-shop.ch\/wp\/wp-content\/uploads\/Holz-11-100x100.png 100w, https:\/\/www.arbeiter-shop.ch\/wp\/wp-content\/uploads\/Holz-11.png 640w\" sizes=\"(max-width: 324px) 100vw, 324px\" \/>\t\t<h2 class=\"woocommerce-loop-category__title\">\n\t\t\tT\u00fcrholz gehobelt keilgezinkt <mark class=\"count\">(4)<\/mark>\t\t<\/h2>\n\t\t<\/a><\/li>\n<li class=\"product-category product\">\n\t<a aria-label=\"Produktkategorie Wandeinlage besuchen\" href=\"https:\/\/www.arbeiter-shop.ch\/wp\/?product_cat=wandeinlage\"><img decoding=\"async\" src=\"https:\/\/www.arbeiter-shop.ch\/wp\/wp-content\/uploads\/Wandeinlage-Mehrschicht-12-324x324.png\" alt=\"Wandeinlage\" width=\"324\" height=\"\" srcset=\"https:\/\/www.arbeiter-shop.ch\/wp\/wp-content\/uploads\/Wandeinlage-Mehrschicht-12-324x324.png 324w, https:\/\/www.arbeiter-shop.ch\/wp\/wp-content\/uploads\/Wandeinlage-Mehrschicht-12-300x300.png 300w, https:\/\/www.arbeiter-shop.ch\/wp\/wp-content\/uploads\/Wandeinlage-Mehrschicht-12-150x150.png 150w, https:\/\/www.arbeiter-shop.ch\/wp\/wp-content\/uploads\/Wandeinlage-Mehrschicht-12-416x416.png 416w, https:\/\/www.arbeiter-shop.ch\/wp\/wp-content\/uploads\/Wandeinlage-Mehrschicht-12-100x100.png 100w, https:\/\/www.arbeiter-shop.ch\/wp\/wp-content\/uploads\/Wandeinlage-Mehrschicht-12.png 425w\" sizes=\"(max-width: 324px) 100vw, 324px\" \/>\t\t<h2 class=\"woocommerce-loop-category__title\">\n\t\t\tWandeinlage <mark class=\"count\">(8)<\/mark>\t\t<\/h2>\n\t\t<\/a><\/li>\n<li class=\"product-category product last\">\n\t<a aria-label=\"Produktkategorie Werkzeug besuchen\" href=\"https:\/\/www.arbeiter-shop.ch\/wp\/?product_cat=werkzeug\"><img decoding=\"async\" src=\"https:\/\/www.arbeiter-shop.ch\/wp\/wp-content\/uploads\/woocommerce-placeholder.png\" alt=\"Werkzeug\" width=\"324\" height=\"\" \/>\t\t<h2 class=\"woocommerce-loop-category__title\">\n\t\t\tWerkzeug <mark class=\"count\">(6)<\/mark>\t\t<\/h2>\n\t\t<\/a><\/li>\n<\/ul>\n<\/div>\n","protected":false},"excerpt":{"rendered":"<p>Arbeiter-Shop f\u00fcr Firmen die umsetzen! Der Arbeiter-Shop wurde von der Firma Homeinnovations GmbH erstellt, damit innovative Firmen und deren Mitarbeiter einfach und zuverl\u00e4ssig Material online bestellen k\u00f6nnen. Die Bestellungen werden direkt auf die Baustelle, Magazine oder Privat angeliefert. F\u00fcr unsere Kunden ist Erfolg dadurch definiert, wie gut wir unsere Herausforderung meistern. \u201eWir sind der bevorzugte [&hellip;]<\/p>\n","protected":false},"author":1,"featured_media":1434,"parent":0,"menu_order":0,"comment_status":"closed","ping_status":"closed","template":"","meta":{"footnotes":""},"class_list":["post-103","page","type-page","status-publish","has-post-thumbnail","hentry"],"yoast_head":"<!-- This site is optimized with the Yoast SEO plugin v24.6 - https:\/\/yoast.com\/wordpress\/plugins\/seo\/ -->\n<title>Startseite - Arbeiter-Shop<\/title>\n<meta name=\"robots\" content=\"index, follow, max-snippet:-1, max-image-preview:large, max-video-preview:-1\" \/>\n<link rel=\"canonical\" href=\"https:\/\/www.arbeiter-shop.ch\/wp\/\" \/>\n<meta property=\"og:locale\" content=\"de_DE\" \/>\n<meta property=\"og:type\" content=\"article\" \/>\n<meta property=\"og:title\" content=\"Startseite - Arbeiter-Shop\" \/>\n<meta property=\"og:description\" content=\"Arbeiter-Shop f\u00fcr Firmen die umsetzen! Der Arbeiter-Shop wurde von der Firma Homeinnovations GmbH erstellt, damit innovative Firmen und deren Mitarbeiter einfach und zuverl\u00e4ssig Material online bestellen k\u00f6nnen. Die Bestellungen werden direkt auf die Baustelle, Magazine oder Privat angeliefert. F\u00fcr unsere Kunden ist Erfolg dadurch definiert, wie gut wir unsere Herausforderung meistern. \u201eWir sind der bevorzugte [&hellip;]\" \/>\n<meta property=\"og:url\" content=\"https:\/\/www.arbeiter-shop.ch\/wp\/\" \/>\n<meta property=\"og:site_name\" content=\"Arbeiter-Shop\" \/>\n<meta property=\"article:modified_time\" content=\"2020-06-16T20:42:40+00:00\" \/>\n<meta property=\"og:image\" content=\"https:\/\/www.arbeiter-shop.ch\/wp\/wp-content\/uploads\/Front-Bild1-1.jpg\" \/>\n\t<meta property=\"og:image:width\" content=\"315\" \/>\n\t<meta property=\"og:image:height\" content=\"300\" \/>\n\t<meta property=\"og:image:type\" content=\"image\/jpeg\" \/>\n<meta name=\"twitter:card\" content=\"summary_large_image\" \/>\n<script type=\"application\/ld+json\" class=\"yoast-schema-graph\">{\"@context\":\"https:\/\/schema.org\",\"@graph\":[{\"@type\":\"WebPage\",\"@id\":\"https:\/\/www.arbeiter-shop.ch\/wp\/\",\"url\":\"https:\/\/www.arbeiter-shop.ch\/wp\/\",\"name\":\"Startseite - Arbeiter-Shop\",\"isPartOf\":{\"@id\":\"https:\/\/www.arbeiter-shop.ch\/wp\/#website\"},\"primaryImageOfPage\":{\"@id\":\"https:\/\/www.arbeiter-shop.ch\/wp\/#primaryimage\"},\"image\":{\"@id\":\"https:\/\/www.arbeiter-shop.ch\/wp\/#primaryimage\"},\"thumbnailUrl\":\"https:\/\/www.arbeiter-shop.ch\/wp\/wp-content\/uploads\/Front-Bild1-1.jpg\",\"datePublished\":\"2017-03-27T00:28:23+00:00\",\"dateModified\":\"2020-06-16T20:42:40+00:00\",\"breadcrumb\":{\"@id\":\"https:\/\/www.arbeiter-shop.ch\/wp\/#breadcrumb\"},\"inLanguage\":\"de-CH\",\"potentialAction\":[{\"@type\":\"ReadAction\",\"target\":[\"https:\/\/www.arbeiter-shop.ch\/wp\/\"]}]},{\"@type\":\"ImageObject\",\"inLanguage\":\"de-CH\",\"@id\":\"https:\/\/www.arbeiter-shop.ch\/wp\/#primaryimage\",\"url\":\"https:\/\/www.arbeiter-shop.ch\/wp\/wp-content\/uploads\/Front-Bild1-1.jpg\",\"contentUrl\":\"https:\/\/www.arbeiter-shop.ch\/wp\/wp-content\/uploads\/Front-Bild1-1.jpg\",\"width\":315,\"height\":300},{\"@type\":\"BreadcrumbList\",\"@id\":\"https:\/\/www.arbeiter-shop.ch\/wp\/#breadcrumb\",\"itemListElement\":[{\"@type\":\"ListItem\",\"position\":1,\"name\":\"Home\",\"item\":\"https:\/\/www.arbeiter-shop.ch\/wp\/\"},{\"@type\":\"ListItem\",\"position\":2,\"name\":\"Startseite\"}]},{\"@type\":\"WebSite\",\"@id\":\"https:\/\/www.arbeiter-shop.ch\/wp\/#website\",\"url\":\"https:\/\/www.arbeiter-shop.ch\/wp\/\",\"name\":\"Arbeiter-Shop\",\"description\":\"innovative technik f\u00fcr ihr zuhause\",\"publisher\":{\"@id\":\"https:\/\/www.arbeiter-shop.ch\/wp\/#organization\"},\"potentialAction\":[{\"@type\":\"SearchAction\",\"target\":{\"@type\":\"EntryPoint\",\"urlTemplate\":\"https:\/\/www.arbeiter-shop.ch\/wp\/?s={search_term_string}\"},\"query-input\":{\"@type\":\"PropertyValueSpecification\",\"valueRequired\":true,\"valueName\":\"search_term_string\"}}],\"inLanguage\":\"de-CH\"},{\"@type\":\"Organization\",\"@id\":\"https:\/\/www.arbeiter-shop.ch\/wp\/#organization\",\"name\":\"Arbeiter-Shop\",\"url\":\"https:\/\/www.arbeiter-shop.ch\/wp\/\",\"logo\":{\"@type\":\"ImageObject\",\"inLanguage\":\"de-CH\",\"@id\":\"https:\/\/www.arbeiter-shop.ch\/wp\/#\/schema\/logo\/image\/\",\"url\":\"https:\/\/www.arbeiter-shop.ch\/wp\/wp-content\/uploads\/cropped-arbeiter-shop-4f-ohne.png\",\"contentUrl\":\"https:\/\/www.arbeiter-shop.ch\/wp\/wp-content\/uploads\/cropped-arbeiter-shop-4f-ohne.png\",\"width\":567,\"height\":179,\"caption\":\"Arbeiter-Shop\"},\"image\":{\"@id\":\"https:\/\/www.arbeiter-shop.ch\/wp\/#\/schema\/logo\/image\/\"}}]}<\/script>\n<!-- \/ Yoast SEO plugin. -->","yoast_head_json":{"title":"Startseite - Arbeiter-Shop","robots":{"index":"index","follow":"follow","max-snippet":"max-snippet:-1","max-image-preview":"max-image-preview:large","max-video-preview":"max-video-preview:-1"},"canonical":"https:\/\/www.arbeiter-shop.ch\/wp\/","og_locale":"de_DE","og_type":"article","og_title":"Startseite - Arbeiter-Shop","og_description":"Arbeiter-Shop f\u00fcr Firmen die umsetzen! Der Arbeiter-Shop wurde von der Firma Homeinnovations GmbH erstellt, damit innovative Firmen und deren Mitarbeiter einfach und zuverl\u00e4ssig Material online bestellen k\u00f6nnen. Die Bestellungen werden direkt auf die Baustelle, Magazine oder Privat angeliefert. F\u00fcr unsere Kunden ist Erfolg dadurch definiert, wie gut wir unsere Herausforderung meistern. \u201eWir sind der bevorzugte [&hellip;]","og_url":"https:\/\/www.arbeiter-shop.ch\/wp\/","og_site_name":"Arbeiter-Shop","article_modified_time":"2020-06-16T20:42:40+00:00","og_image":[{"width":315,"height":300,"url":"https:\/\/www.arbeiter-shop.ch\/wp\/wp-content\/uploads\/Front-Bild1-1.jpg","type":"image\/jpeg"}],"twitter_card":"summary_large_image","schema":{"@context":"https:\/\/schema.org","@graph":[{"@type":"WebPage","@id":"https:\/\/www.arbeiter-shop.ch\/wp\/","url":"https:\/\/www.arbeiter-shop.ch\/wp\/","name":"Startseite - Arbeiter-Shop","isPartOf":{"@id":"https:\/\/www.arbeiter-shop.ch\/wp\/#website"},"primaryImageOfPage":{"@id":"https:\/\/www.arbeiter-shop.ch\/wp\/#primaryimage"},"image":{"@id":"https:\/\/www.arbeiter-shop.ch\/wp\/#primaryimage"},"thumbnailUrl":"https:\/\/www.arbeiter-shop.ch\/wp\/wp-content\/uploads\/Front-Bild1-1.jpg","datePublished":"2017-03-27T00:28:23+00:00","dateModified":"2020-06-16T20:42:40+00:00","breadcrumb":{"@id":"https:\/\/www.arbeiter-shop.ch\/wp\/#breadcrumb"},"inLanguage":"de-CH","potentialAction":[{"@type":"ReadAction","target":["https:\/\/www.arbeiter-shop.ch\/wp\/"]}]},{"@type":"ImageObject","inLanguage":"de-CH","@id":"https:\/\/www.arbeiter-shop.ch\/wp\/#primaryimage","url":"https:\/\/www.arbeiter-shop.ch\/wp\/wp-content\/uploads\/Front-Bild1-1.jpg","contentUrl":"https:\/\/www.arbeiter-shop.ch\/wp\/wp-content\/uploads\/Front-Bild1-1.jpg","width":315,"height":300},{"@type":"BreadcrumbList","@id":"https:\/\/www.arbeiter-shop.ch\/wp\/#breadcrumb","itemListElement":[{"@type":"ListItem","position":1,"name":"Home","item":"https:\/\/www.arbeiter-shop.ch\/wp\/"},{"@type":"ListItem","position":2,"name":"Startseite"}]},{"@type":"WebSite","@id":"https:\/\/www.arbeiter-shop.ch\/wp\/#website","url":"https:\/\/www.arbeiter-shop.ch\/wp\/","name":"Arbeiter-Shop","description":"innovative technik f\u00fcr ihr zuhause","publisher":{"@id":"https:\/\/www.arbeiter-shop.ch\/wp\/#organization"},"potentialAction":[{"@type":"SearchAction","target":{"@type":"EntryPoint","urlTemplate":"https:\/\/www.arbeiter-shop.ch\/wp\/?s={search_term_string}"},"query-input":{"@type":"PropertyValueSpecification","valueRequired":true,"valueName":"search_term_string"}}],"inLanguage":"de-CH"},{"@type":"Organization","@id":"https:\/\/www.arbeiter-shop.ch\/wp\/#organization","name":"Arbeiter-Shop","url":"https:\/\/www.arbeiter-shop.ch\/wp\/","logo":{"@type":"ImageObject","inLanguage":"de-CH","@id":"https:\/\/www.arbeiter-shop.ch\/wp\/#\/schema\/logo\/image\/","url":"https:\/\/www.arbeiter-shop.ch\/wp\/wp-content\/uploads\/cropped-arbeiter-shop-4f-ohne.png","contentUrl":"https:\/\/www.arbeiter-shop.ch\/wp\/wp-content\/uploads\/cropped-arbeiter-shop-4f-ohne.png","width":567,"height":179,"caption":"Arbeiter-Shop"},"image":{"@id":"https:\/\/www.arbeiter-shop.ch\/wp\/#\/schema\/logo\/image\/"}}]}},"_links":{"self":[{"href":"https:\/\/www.arbeiter-shop.ch\/wp\/index.php?rest_route=\/wp\/v2\/pages\/103","targetHints":{"allow":["GET"]}}],"collection":[{"href":"https:\/\/www.arbeiter-shop.ch\/wp\/index.php?rest_route=\/wp\/v2\/pages"}],"about":[{"href":"https:\/\/www.arbeiter-shop.ch\/wp\/index.php?rest_route=\/wp\/v2\/types\/page"}],"author":[{"embeddable":true,"href":"https:\/\/www.arbeiter-shop.ch\/wp\/index.php?rest_route=\/wp\/v2\/users\/1"}],"replies":[{"embeddable":true,"href":"https:\/\/www.arbeiter-shop.ch\/wp\/index.php?rest_route=%2Fwp%2Fv2%2Fcomments&post=103"}],"version-history":[{"count":20,"href":"https:\/\/www.arbeiter-shop.ch\/wp\/index.php?rest_route=\/wp\/v2\/pages\/103\/revisions"}],"predecessor-version":[{"id":1421,"href":"https:\/\/www.arbeiter-shop.ch\/wp\/index.php?rest_route=\/wp\/v2\/pages\/103\/revisions\/1421"}],"wp:featuredmedia":[{"embeddable":true,"href":"https:\/\/www.arbeiter-shop.ch\/wp\/index.php?rest_route=\/wp\/v2\/media\/1434"}],"wp:attachment":[{"href":"https:\/\/www.arbeiter-shop.ch\/wp\/index.php?rest_route=%2Fwp%2Fv2%2Fmedia&parent=103"}],"curies":[{"name":"wp","href":"https:\/\/api.w.org\/{rel}","templated":true}]}}